{"id":2306,"date":"2019-06-24T15:30:15","date_gmt":"2019-06-24T15:30:15","guid":{"rendered":"https:\/\/cersig.edu.ba\/?page_id=2306"},"modified":"2024-10-08T20:47:20","modified_gmt":"2024-10-08T20:47:20","slug":"vijece-roditelja","status":"publish","type":"page","link":"https:\/\/cersig.edu.ba\/vijece-roditelja\/","title":{"rendered":"Vije\u0107e roditelja"},"content":{"rendered":"<p>[vc_row][vc_column][vc_column_text]<\/p>\n<table style=\"height: 149px;\" width=\"561\">\n<tbody>\n<tr>\n<td colspan=\"3\" width=\"619\"><strong>Rukovodstvo Vije\u0107a roditelja \u2013 \u0161k. 2024\/2025. god.<\/strong><\/td>\n<\/tr>\n<tr>\n<td width=\"206\">Predsjednik Vije\u0107a roditelja<\/td>\n<td width=\"206\">Aida Kadrija<\/td>\n<td width=\"206\">II1 razred SS\u0160<\/td>\n<\/tr>\n<tr>\n<td width=\"206\">Zamjenik<\/td>\n<td width=\"206\">Sead Koji\u0107<\/td>\n<td width=\"206\">II1 razred O\u0160<\/td>\n<\/tr>\n<tr>\n<td width=\"206\">Zapisni\u010dar<\/td>\n<td width=\"206\">D\u017eenana Hergi\u0107<\/td>\n<td width=\"206\">sekretar Centra<\/td>\n<\/tr>\n<\/tbody>\n<\/table>\n<p>&nbsp;<\/p>\n<table style=\"height: 480px;\" width=\"552\">\n<tbody>\n<tr>\n<td rowspan=\"2\" width=\"45\"><strong>r.br.<\/strong><\/td>\n<td width=\"368\"><strong>Vije\u0107e roditelja<\/strong><\/td>\n<td width=\"206\"><strong>Razred <\/strong><\/td>\n<\/tr>\n<tr>\n<td width=\"368\">Ime i prezime roditelja<\/td>\n<td width=\"206\"><\/td>\n<\/tr>\n<tr>\n<td width=\"45\"><strong>1.<\/strong><\/td>\n<td width=\"368\"><\/td>\n<td width=\"206\">Pred\u0161kolski odjel<\/td>\n<\/tr>\n<tr>\n<td width=\"45\"><strong>2.<\/strong><\/td>\n<td width=\"368\">\u010cengi\u0107 Hana<\/td>\n<td width=\"206\">II2\/IV2<\/td>\n<\/tr>\n<tr>\n<td width=\"45\"><strong>3.<\/strong><\/td>\n<td width=\"368\">Sead Koji\u0107<\/td>\n<td width=\"206\">I1\/III1<\/td>\n<\/tr>\n<tr>\n<td width=\"45\">4.<\/td>\n<td width=\"368\">\u017dili\u0107 Saida<\/td>\n<td width=\"206\">III2<\/td>\n<\/tr>\n<tr>\n<td width=\"45\"><strong>5.<\/strong><\/td>\n<td width=\"368\">Me\u0161trovac Mehrija<\/td>\n<td width=\"206\">IV1\/V1<\/td>\n<\/tr>\n<tr>\n<td width=\"45\"><strong>6.<\/strong><\/td>\n<td width=\"368\">Minela Godinjak<\/td>\n<td width=\"206\">VI1<\/td>\n<\/tr>\n<tr>\n<td width=\"45\"><strong>7.<\/strong><\/td>\n<td width=\"368\">Gusi\u0107 Sadina<\/td>\n<td width=\"206\">VI1\/VIII1<\/td>\n<\/tr>\n<tr>\n<td width=\"45\">8.<\/td>\n<td width=\"368\">\u010ce<strong>hovi\u0107 Fikreta<\/strong><\/td>\n<td width=\"206\">VII1<\/td>\n<\/tr>\n<tr>\n<td width=\"45\"><strong>9.<\/strong><\/td>\n<td width=\"368\">\u010cimpo Mujo<\/td>\n<td width=\"206\">VIII1<\/td>\n<\/tr>\n<tr>\n<td width=\"45\"><strong>10.<\/strong><\/td>\n<td width=\"368\">Ustavdi\u0107 Alma<\/td>\n<td width=\"206\">I2\/III2\/IV1\u00a0 \u00a0SS\u0160<\/td>\n<\/tr>\n<tr>\n<td width=\"45\"><strong>11.<\/strong><\/td>\n<td width=\"368\">Kadrija Aida<\/td>\n<td width=\"206\">III1\/III1a SS\u0160<\/td>\n<\/tr>\n<tr>\n<td width=\"45\"><strong>12.<\/strong><\/td>\n<td width=\"368\">Azelahoj Driton<\/td>\n<td width=\"206\">I1\/II1 SS\u0160<\/td>\n<\/tr>\n<tr>\n<td width=\"45\">13.<\/td>\n<td width=\"368\">Frankovi\u0107 D\u017eenana<\/td>\n<td width=\"206\">Ia\/IIa<\/td>\n<\/tr>\n<tr>\n<td width=\"45\"><\/td>\n<td width=\"368\"><\/td>\n<td width=\"206\"><\/td>\n<\/tr>\n<\/tbody>\n<\/table>\n<p>[\/vc_column_text][\/vc_column][\/vc_row]<\/p>\n","protected":false},"excerpt":{"rendered":"<p>[vc_row][vc_column][vc_column_text] Rukovodstvo Vije\u0107a roditelja \u2013 \u0161k. 2024\/2025. god. Predsjednik Vije\u0107a roditelja Aida Kadrija II1 razred SS\u0160 Zamjenik Sead Koji\u0107 II1 razred O\u0160 Zapisni\u010dar D\u017eenana Hergi\u0107 sekretar Centra &nbsp; r.br. Vije\u0107e roditelja Razred Ime i prezime roditelja 1. Pred\u0161kolski odjel 2. \u010cengi\u0107 Hana II2\/IV2 3. Sead Koji\u0107 I1\/III1 4. \u017dili\u0107 Saida III2 5. Me\u0161trovac Mehrija IV1\/V1 &hellip; <br \/><a href=\"https:\/\/cersig.edu.ba\/vijece-roditelja\/\" class=\"more-link\">Continue reading <span class=\"screen-reader-text\">Vije\u0107e roditelja<\/span><\/a><\/p>\n","protected":false},"author":1,"featured_media":0,"parent":0,"menu_order":0,"comment_status":"closed","ping_status":"closed","template":"","meta":{"footnotes":""},"class_list":["post-2306","page","type-page","status-publish","hentry"],"_links":{"self":[{"href":"https:\/\/cersig.edu.ba\/wp-json\/wp\/v2\/pages\/2306","targetHints":{"allow":["GET"]}}],"collection":[{"href":"https:\/\/cersig.edu.ba\/wp-json\/wp\/v2\/pages"}],"about":[{"href":"https:\/\/cersig.edu.ba\/wp-json\/wp\/v2\/types\/page"}],"author":[{"embeddable":true,"href":"https:\/\/cersig.edu.ba\/wp-json\/wp\/v2\/users\/1"}],"replies":[{"embeddable":true,"href":"https:\/\/cersig.edu.ba\/wp-json\/wp\/v2\/comments?post=2306"}],"version-history":[{"count":21,"href":"https:\/\/cersig.edu.ba\/wp-json\/wp\/v2\/pages\/2306\/revisions"}],"predecessor-version":[{"id":9192,"href":"https:\/\/cersig.edu.ba\/wp-json\/wp\/v2\/pages\/2306\/revisions\/9192"}],"wp:attachment":[{"href":"https:\/\/cersig.edu.ba\/wp-json\/wp\/v2\/media?parent=2306"}],"curies":[{"name":"wp","href":"https:\/\/api.w.org\/{rel}","templated":true}]}}