{"id":2308,"date":"2019-06-24T15:32:32","date_gmt":"2019-06-24T15:32:32","guid":{"rendered":"https:\/\/cersig.edu.ba\/?page_id=2308"},"modified":"2024-02-29T19:21:04","modified_gmt":"2024-02-29T19:21:04","slug":"skolski-odbor","status":"publish","type":"page","link":"https:\/\/cersig.edu.ba\/skolski-odbor\/","title":{"rendered":"\u0160kolski odbor"},"content":{"rendered":"<p>[vc_row][vc_column][vc_column_text]<\/p>\r\n<table>\r\n<tbody>\r\n<tr>\r\n<td width=\"45\"><strong>r.br.<\/strong><\/td>\r\n<td width=\"321\"><strong>\u010clanovi \u0160kolskog odbora<\/strong><\/td>\r\n<td width=\"253\"><strong>\u00a0<\/strong><\/td>\r\n<\/tr>\r\n<tr>\r\n<td width=\"45\"><strong>1.<\/strong><\/td>\r\n<td width=\"321\">Edin Pita<\/td>\r\n<td width=\"253\">predsjednik, predstavnik Ministarstva<\/td>\r\n<\/tr>\r\n<tr>\r\n<td width=\"45\"><strong>2.<\/strong><\/td>\r\n<td width=\"321\">Edmir Duri\u0107<\/td>\r\n<td width=\"253\">\u010dlan, predstavnik roditelja<\/td>\r\n<\/tr>\r\n<tr>\r\n<td width=\"45\"><strong>3.<\/strong><\/td>\r\n<td width=\"321\">Bekir\u00a0 Mujezinovi\u0107<\/td>\r\n<td width=\"253\">\u010dlan, predstavnik radnika<\/td>\r\n<\/tr>\r\n<tr>\r\n<td width=\"45\"><strong>4.<\/strong><\/td>\r\n<td width=\"321\">Kemal Red\u017ei\u0107\u00a0\u00a0<\/td>\r\n<td width=\"253\">v.d. \u010dlan, predstavnik Grada<\/td>\r\n<\/tr>\r\n<\/tbody>\r\n<\/table>\r\n<p>[\/vc_column_text][\/vc_column][\/vc_row][vc_row][vc_column][vc_column_text]<\/p>\r\n\r\n<div class=\"wp-block-button\"><a class=\"wp-block-button__link\" href=\"https:\/\/cersig.edu.ba\/akti\/\">Pozivi za sjednice \u0160kolskog odbora<\/a><\/div>\r\n<p>[\/vc_column_text][\/vc_column][\/vc_row]<\/p>","protected":false},"excerpt":{"rendered":"<p>[vc_row][vc_column][vc_column_text] r.br. \u010clanovi \u0160kolskog odbora \u00a0 1. Edin Pita predsjednik, predstavnik Ministarstva 2. Edmir Duri\u0107 \u010dlan, predstavnik roditelja 3. Bekir\u00a0 Mujezinovi\u0107 \u010dlan, predstavnik radnika 4. Kemal Red\u017ei\u0107\u00a0\u00a0 v.d. \u010dlan, predstavnik Grada [\/vc_column_text][\/vc_column][\/vc_row][vc_row][vc_column][vc_column_text] [\/vc_column_text][\/vc_column][\/vc_row]<\/p>\n","protected":false},"author":1,"featured_media":0,"parent":0,"menu_order":0,"comment_status":"closed","ping_status":"closed","template":"","meta":{"footnotes":""},"class_list":["post-2308","page","type-page","status-publish","hentry"],"_links":{"self":[{"href":"https:\/\/cersig.edu.ba\/wp-json\/wp\/v2\/pages\/2308","targetHints":{"allow":["GET"]}}],"collection":[{"href":"https:\/\/cersig.edu.ba\/wp-json\/wp\/v2\/pages"}],"about":[{"href":"https:\/\/cersig.edu.ba\/wp-json\/wp\/v2\/types\/page"}],"author":[{"embeddable":true,"href":"https:\/\/cersig.edu.ba\/wp-json\/wp\/v2\/users\/1"}],"replies":[{"embeddable":true,"href":"https:\/\/cersig.edu.ba\/wp-json\/wp\/v2\/comments?post=2308"}],"version-history":[{"count":9,"href":"https:\/\/cersig.edu.ba\/wp-json\/wp\/v2\/pages\/2308\/revisions"}],"predecessor-version":[{"id":8391,"href":"https:\/\/cersig.edu.ba\/wp-json\/wp\/v2\/pages\/2308\/revisions\/8391"}],"wp:attachment":[{"href":"https:\/\/cersig.edu.ba\/wp-json\/wp\/v2\/media?parent=2308"}],"curies":[{"name":"wp","href":"https:\/\/api.w.org\/{rel}","templated":true}]}}