{"id":2399,"date":"2019-06-30T15:49:20","date_gmt":"2019-06-30T15:49:20","guid":{"rendered":"https:\/\/cersig.edu.ba\/?page_id=2399"},"modified":"2020-05-11T22:10:07","modified_gmt":"2020-05-11T22:10:07","slug":"osnovna-skola","status":"publish","type":"page","link":"https:\/\/cersig.edu.ba\/osnovna-skola\/","title":{"rendered":"Osnovna \u0161kola"},"content":{"rendered":"\n<p>U okviru odgojno-obrazovnih\nnivoa rada Centra realizira se redovna nastava u osnovnoj \u0161koli. <\/p>\n\n\n\n<p>Nastava u osnovnoj\n\u0161koli je organizirana prema pedago\u0161kim standardima i normativima i u skladu sa\nzakonskim propisima.<\/p>\n\n\n\n<p>Nastava se izvodi u\nodjeljenjima jednog ili kombinovanog razreda, zavisno od broja u\u010denika u\n\u0161kolskoj godini. <\/p>\n\n\n\n<p>U osnovnoj \u0161koli\nCentra za slu\u0161nu i govornu rehabilitaciju Sarajevo se realizuju\nedukacijsko-rehabilitacijski programi kojima su obuhva\u0107ena djeca s o\u0161te\u0107enjem sluha i govora i djeca s te\u0161ko\u0107ama u govorno-jezi\u010dnom razvoju.<\/p>\n\n\n\n<p>Nastava u osnovnoj\n\u0161koli Centra se realizuje prema&nbsp; Nastavnom\nplanu i programu devetogodi\u0161nje osnovne \u0161kole za u\u010denike o\u0161te\u0107enog sluha i\ngovora.<\/p>\n\n\n\n<p>Nastava\nse realizuje prema rasporedu \u010dasova i po\u010dinje od 8:30 sati.<\/p>\n\n\n\n<p>Svakodnevni edukacijsko-rehabilitacijski\nprogram oboga\u0107en je audio-vizuelnim postupcima (igra-situacija-dramatizacija)\ntemeljen na multisenzorici (senzorna integracija) i spaciocepciji (pokret i\nprostor). <\/p>\n\n\n\n<p>Uz edukacijske sadr\u017eaje, koji slijede programe redovnih osnovnih\n\u0161kola, te na osnovu programa za slu\u0161no o\u0161te\u0107ene u\u010denike, provode se i programi\n(individualni i grupni) rehabilitacije slu\u0161anja\ni govora u savremeno opremljenim kabinetima po verbotonalnoj metodi.<\/p>\n\n\n\n<figure class=\"wp-block-image\"><img loading=\"lazy\" decoding=\"async\" width=\"960\" height=\"639\" src=\"https:\/\/cersig.edu.ba\/wp-content\/uploads\/2017\/11\/UNICEF11-1.jpg\" alt=\"\" class=\"wp-image-2333\" srcset=\"https:\/\/cersig.edu.ba\/wp-content\/uploads\/2017\/11\/UNICEF11-1.jpg 960w, https:\/\/cersig.edu.ba\/wp-content\/uploads\/2017\/11\/UNICEF11-1-300x200.jpg 300w, https:\/\/cersig.edu.ba\/wp-content\/uploads\/2017\/11\/UNICEF11-1-768x511.jpg 768w, https:\/\/cersig.edu.ba\/wp-content\/uploads\/2017\/11\/UNICEF11-1-600x399.jpg 600w\" sizes=\"auto, (max-width: 960px) 100vw, 960px\" \/><\/figure>\n\n\n\n<p>Individualna\ni grupna rehabilitacija se realizira u toku trajanja redovne nastave i&nbsp; prilago\u0111ena je u\u010denicima, njihovim potrebama\ni mogu\u0107nostima. <\/p>\n\n\n\n<figure class=\"wp-block-image\"><img loading=\"lazy\" decoding=\"async\" width=\"960\" height=\"639\" src=\"https:\/\/cersig.edu.ba\/wp-content\/uploads\/2017\/11\/UNICEF32.jpg\" alt=\"\" class=\"wp-image-2340\" srcset=\"https:\/\/cersig.edu.ba\/wp-content\/uploads\/2017\/11\/UNICEF32.jpg 960w, https:\/\/cersig.edu.ba\/wp-content\/uploads\/2017\/11\/UNICEF32-300x200.jpg 300w, https:\/\/cersig.edu.ba\/wp-content\/uploads\/2017\/11\/UNICEF32-768x511.jpg 768w, https:\/\/cersig.edu.ba\/wp-content\/uploads\/2017\/11\/UNICEF32-600x399.jpg 600w\" sizes=\"auto, (max-width: 960px) 100vw, 960px\" \/><\/figure>\n\n\n\n<p>U radu sa u\u010denicima je zastupljenija metoda totalne komunikacije\n(oralni govor, znakovni jezik, o\u010ditavanje govora sa usta i lica sagovornika).<\/p>\n\n\n\n<p>Fonetski ritmovi predstavljaju niz pedago\u0161kih postupaka u verbotonalnoj\nmetodi koji se temelje na fonetskim i akusti\u010dkim karakteristikama glasova\ngovora te na tijelu kao njihovom ostvarenju u prostoru. <\/p>\n\n\n\n<p>Fonetske ritmove \u010dine: <\/p>\n\n\n\n<ul class=\"wp-block-list\"><li>stimulacije pokretom (aktivnosti\nkoje se temelje na pokretu radi razvoja slu\u0161anja i govora)<\/li><li>muzi\u010dke stimulacije (upotreba\n     muzi\u010dkih elemenata radi stimuliranja razvoja slu\u0161anja i govora) <\/li><\/ul>\n\n\n\n<figure class=\"wp-block-image\"><img loading=\"lazy\" decoding=\"async\" width=\"960\" height=\"639\" src=\"https:\/\/cersig.edu.ba\/wp-content\/uploads\/2017\/11\/MUZ.RIT_.jpg\" alt=\"\" class=\"wp-image-2338\" srcset=\"https:\/\/cersig.edu.ba\/wp-content\/uploads\/2017\/11\/MUZ.RIT_.jpg 960w, https:\/\/cersig.edu.ba\/wp-content\/uploads\/2017\/11\/MUZ.RIT_-300x200.jpg 300w, https:\/\/cersig.edu.ba\/wp-content\/uploads\/2017\/11\/MUZ.RIT_-768x511.jpg 768w, https:\/\/cersig.edu.ba\/wp-content\/uploads\/2017\/11\/MUZ.RIT_-600x399.jpg 600w\" sizes=\"auto, (max-width: 960px) 100vw, 960px\" \/><\/figure>\n\n\n\n<p>Uz odgojno-obrazovne programe i posebne\nrehabilitacijske postupke u\u010denici sudjeluju u razli\u010ditim vannastavnim\naktivnostima gdje mogu razviti svoje interese i sposobnosti biraju\u0107i izme\u0111u:\nlikovne, literarne, recitatorske, sportske, ritmi\u010dke sekcije i orkestra.\nU\u010denici Osnovne \u0161kole Centra osvajaju nagrade na brojnim konkursima i\ntakmi\u010denjima iz oblasti literarnog, likovnog stvarala\u0161tava, filma, te sporstkih\naktivnosti, \u0161to nas \u010dini posebno ponosnim.<\/p>\n\n\n\n<figure class=\"wp-block-image\"><img loading=\"lazy\" decoding=\"async\" width=\"720\" height=\"960\" src=\"https:\/\/cersig.edu.ba\/wp-content\/uploads\/2019\/06\/RADIONICE-ZA-DJECU-1.jpg\" alt=\"\" class=\"wp-image-2400\" srcset=\"https:\/\/cersig.edu.ba\/wp-content\/uploads\/2019\/06\/RADIONICE-ZA-DJECU-1.jpg 720w, https:\/\/cersig.edu.ba\/wp-content\/uploads\/2019\/06\/RADIONICE-ZA-DJECU-1-225x300.jpg 225w, https:\/\/cersig.edu.ba\/wp-content\/uploads\/2019\/06\/RADIONICE-ZA-DJECU-1-600x800.jpg 600w\" sizes=\"auto, (max-width: 720px) 100vw, 720px\" \/><\/figure>\n\n\n\n<p>&nbsp;U Centar su upisani\nu\u010denici iz razli\u010ditih gradskih op\u0107ina, kao i iz drugih Kantona.<\/p>\n\n\n\n<div class=\"wp-block-file\"><a href=\"https:\/\/cersig.edu.ba\/wp-content\/uploads\/2020\/05\/Poziv-za-upis-prvacica-\u0161kolska-2020_21.docx\">Poziv-za-upis-prvacica-\u0161kolska-2020_21<\/a><a href=\"https:\/\/cersig.edu.ba\/wp-content\/uploads\/2020\/05\/Poziv-za-upis-prvacica-\u0161kolska-2020_21.docx\" class=\"wp-block-file__button\" download>Preuzmi<\/a><\/div>\n\n\n\n<div class=\"wp-block-file\"><a href=\"https:\/\/cersig.edu.ba\/wp-content\/uploads\/2020\/05\/P-R-I-J-A-V-A-ZA-UPIS-U-I-RAZRED.docx\">P-R-I-J-A-V-A-ZA-UPIS-U-I-RAZRED<\/a><a href=\"https:\/\/cersig.edu.ba\/wp-content\/uploads\/2020\/05\/P-R-I-J-A-V-A-ZA-UPIS-U-I-RAZRED.docx\" class=\"wp-block-file__button\" download>Preuzmi<\/a><\/div>\n","protected":false},"excerpt":{"rendered":"<p>U okviru odgojno-obrazovnih nivoa rada Centra realizira se redovna nastava u osnovnoj \u0161koli. Nastava u osnovnoj \u0161koli je organizirana prema pedago\u0161kim standardima i normativima i u skladu sa zakonskim propisima. Nastava se izvodi u odjeljenjima jednog ili kombinovanog razreda, zavisno od broja u\u010denika u \u0161kolskoj godini. U osnovnoj \u0161koli Centra za slu\u0161nu i govornu rehabilitaciju &hellip; <br \/><a href=\"https:\/\/cersig.edu.ba\/osnovna-skola\/\" class=\"more-link\">Continue reading <span class=\"screen-reader-text\">Osnovna \u0161kola<\/span><\/a><\/p>\n","protected":false},"author":1,"featured_media":0,"parent":0,"menu_order":0,"comment_status":"closed","ping_status":"closed","template":"","meta":{"footnotes":""},"class_list":["post-2399","page","type-page","status-publish","hentry"],"_links":{"self":[{"href":"https:\/\/cersig.edu.ba\/wp-json\/wp\/v2\/pages\/2399","targetHints":{"allow":["GET"]}}],"collection":[{"href":"https:\/\/cersig.edu.ba\/wp-json\/wp\/v2\/pages"}],"about":[{"href":"https:\/\/cersig.edu.ba\/wp-json\/wp\/v2\/types\/page"}],"author":[{"embeddable":true,"href":"https:\/\/cersig.edu.ba\/wp-json\/wp\/v2\/users\/1"}],"replies":[{"embeddable":true,"href":"https:\/\/cersig.edu.ba\/wp-json\/wp\/v2\/comments?post=2399"}],"version-history":[{"count":2,"href":"https:\/\/cersig.edu.ba\/wp-json\/wp\/v2\/pages\/2399\/revisions"}],"predecessor-version":[{"id":3394,"href":"https:\/\/cersig.edu.ba\/wp-json\/wp\/v2\/pages\/2399\/revisions\/3394"}],"wp:attachment":[{"href":"https:\/\/cersig.edu.ba\/wp-json\/wp\/v2\/media?parent=2399"}],"curies":[{"name":"wp","href":"https:\/\/api.w.org\/{rel}","templated":true}]}}