{"id":2406,"date":"2019-06-30T16:07:31","date_gmt":"2019-06-30T16:07:31","guid":{"rendered":"https:\/\/cersig.edu.ba\/?page_id=2406"},"modified":"2021-11-15T12:22:41","modified_gmt":"2021-11-15T12:22:41","slug":"odjel-za-dijagnostiku-i-rehabilitaciju","status":"publish","type":"page","link":"https:\/\/cersig.edu.ba\/odjel-za-dijagnostiku-i-rehabilitaciju\/","title":{"rendered":"Odjel za dijagnostiku i rehabilitaciju"},"content":{"rendered":"\n<table class=\"wp-block-table\"><tbody><tr><td>                      1. <strong>Kabinet za rehabilitaciju slu\u0161anja i govora    <\/strong>                    &nbsp;<\/td><\/tr><\/tbody><\/table>\n\n\n\n<p>Rad\nsa djecom svakim radnim danom od 8:00-13:30 u skadu sa nastavnim kalendarom za\nteku\u0107u godinu.<\/p>\n\n\n\n<p><strong>Zakazivanje termina<\/strong>:\n033 226 977, lokal 22 (medicinska sestra Centra).<\/p>\n\n\n\n<p>Vrste tretmana: <\/p>\n\n\n\n<ul class=\"wp-block-list\"><li>Dijagnosti\u010dki postupci\ni opservacija djece i odraslih<\/li><li>Individualna\nrehabilitacija slu\u0161anja i govora djece \u0161kolskog uzrast<\/li><li>Individualna\nrehabilitacija slu\u0161anja i govora djece pred\u0161kolskog uzrasta<\/li><li>Individualna\nrehabilitacija slu\u0161anja i govora djece i odraslih sa CI <\/li><li>Savjetodavni rad sa\nroditeljima<\/li><\/ul>\n\n\n\n<p>Dijagnosti\u010dki i\nrehabilitacijski postupci se realizuju primjenom adekvatne elektroakusti\u010dke i\ndruge specijalizirane opreme prema verbotonalnim programima.&nbsp; Nakon kvalitetne dijagnosti\u010dke procjene\ndjeteta ili odrasle osobe, kod kojih se uo\u010davaju te\u0161ko\u0107e slu\u0161anja i govora,\nizra\u0111uju se individualni programi rada s ciljem razvoja slu\u0161anja, jezika i\ngovora u cilju uspje\u0161nije komunikacije i integracije u \u0161iru zajednicu.<\/p>\n\n\n\n<p>Osobe&nbsp; kojima se u kabinetu za rehabilitaciju\nslu\u0161anja i govora pru\u017eaju tretmani su: <\/p>\n\n\n\n<ul class=\"wp-block-list\"><li>djeca i odrasli kod\nkojih se sumnja na pote\u0161ko\u0107e sluha i govora<\/li><li>djeca sa pote\u0161ko\u0107ama\nslu\u0161anja i govora, koji se obrazuju i CentrU za slu\u0161nu&nbsp; i govornu rehabilitaciju<\/li><li>djeca sa pote\u0161ko\u0107ama\nslu\u0161anja i govora, koja poha\u0111aju redovne pred\u0161kolske ustanove, osnovne i\nsrednje \u0161kole.<\/li><li>djeca sa kohlearnim\nimplantatom<\/li><li>odrasle osobe sa pote\u0161ko\u0107ama\nslu\u0161anja i govora<\/li><\/ul>\n\n\n\n<table class=\"wp-block-table\"><tbody><tr><td>\n  \n   \n    \n    \n    2. <strong>Logopedski kabinet<\/strong><strong>\n    <\/strong>\n    \n    \n   \n  \n  &nbsp;<\/td><\/tr><\/tbody><\/table>\n\n\n\n<p>Rad sa djecom\nsvakim radnim danom od 8:00-13:30 u skladu sa nastavnim kalendarom za teku\u0107u\ngodinu.<\/p>\n\n\n\n<p>Zakazivanje\ntermina za logopedski termin: 033 226 977, lokal 22 (medicinska sestra Centra)<\/p>\n\n\n\n<p>Logopedske\nusluge:<\/p>\n\n\n\n<ul class=\"wp-block-list\"><li>Logopedska dijagnostika\n<\/li><li>Tretman govornih\npote\u0161ko\u0107a<\/li><li>Savjetovanje<\/li><\/ul>\n\n\n\n<p><strong>Logopedska dijagnostika<\/strong>&nbsp;je proces&nbsp;\u010dija\nje&nbsp;svrha i cilj&nbsp;otkrivanje potencijalnih pote\u0161ko\u0107a kod djece.<br>\nProvodi se putem opservacije, intervjua s roditeljima, primjenom standardiziranih\ntestova&nbsp;te putem razli\u010ditih logopedskih zadataka kojima\nse&nbsp;procjenjuju odre\u0111ena podru\u010dja jezi\u010dkog, govornog i komunikacijskog\nrazvoja.<\/p>\n\n\n\n<p>Nakon provedene logopedske dijagnostike, roditeljima se daju sve\ninformacije o postignutim rezultatima dijagnostike kao i informacije o daljem\nlogopedskom tretmanu.<\/p>\n\n\n\n<p>Logopedska dijagnostika se provodi individualno, u trajanju od&nbsp;45 &#8211;\n90&nbsp;minuta, ovisno o dobi djeteta i slo\u017eenosti pote\u0161ko\u0107e.<br>\n<br>\nPostoji&nbsp;li potreba za dodatnim pretragama (psiholog, otorinolaringolog,\nneurolog,&#8230;) roditelja upu\u0107ujemo kod drugih stru\u010dnjaka. <\/p>\n\n\n\n<p><strong>Logopedska dijagnostika obuhvata:<\/strong><br>\n&nbsp;<\/p>\n\n\n\n<ul class=\"wp-block-list\"><li>procjenu fonolo\u0161ko-artikulacijskih pote\u0161ko\u0107a <\/li><li>procjenu i govorno- jezi\u010dkog razvoja&nbsp;<\/li><li>procjenu pote\u0161ko\u0107e te\u010dnosti govora (mucanje i\nbrzopletost)&nbsp;&nbsp;<\/li><li>procjenu \u010ditanja, pisanja i ra\u010dunanja (\u0161kolska dob)<br>\n&nbsp;<\/li><\/ul>\n\n\n\n<p>Nakon\nprovedene logopedske dijagnostike u na\u0161em kabinetu ili uvidom u postoje\u0107e\nlogopedske nalaze i dokumentaciju ostalih stru\u010dnjaka&nbsp;kre\u0107emo&nbsp;s\nprovo\u0111enjem logopedskog tretmana.<\/p>\n\n\n\n<p>Va\u017ena karika u cijelom\nterapijskom&nbsp;procesu jeste kvalitetna komunikacija sa roditeljima djeteta.\nTrajanje i ishod logopedskog tretmana zavisi od individualnih pote\u0161ko\u0107a\ndjeteta, njegovih sposobnosti, redovnih&nbsp;dolazaka na terapiju&nbsp;i radu\nroditelja s djetetom prema uputama logopeda. Vrlo je va\u017eno da su roditelji\nsvjesni djetetovih pote\u0161ko\u0107a te&nbsp;da usklade vlastite \u017eelje sa stvarnim\ndjetetovim mogu\u0107nostima.<\/p>\n\n\n\n<p>Individualni tretman rehabilitace traje&nbsp;<strong>30 do 40 minuta.<\/strong>&nbsp;<\/p>\n\n\n\n<figure class=\"wp-block-image\"><img loading=\"lazy\" decoding=\"async\" width=\"960\" height=\"639\" src=\"https:\/\/cersig.edu.ba\/wp-content\/uploads\/2019\/06\/UNICEF12.jpg\" alt=\"\" class=\"wp-image-2407\" srcset=\"https:\/\/cersig.edu.ba\/wp-content\/uploads\/2019\/06\/UNICEF12.jpg 960w, https:\/\/cersig.edu.ba\/wp-content\/uploads\/2019\/06\/UNICEF12-300x200.jpg 300w, https:\/\/cersig.edu.ba\/wp-content\/uploads\/2019\/06\/UNICEF12-768x511.jpg 768w, https:\/\/cersig.edu.ba\/wp-content\/uploads\/2019\/06\/UNICEF12-600x399.jpg 600w\" sizes=\"auto, (max-width: 960px) 100vw, 960px\" \/><\/figure>\n\n\n\n<figure class=\"wp-block-image\"><img loading=\"lazy\" decoding=\"async\" width=\"780\" height=\"585\" src=\"https:\/\/cersig.edu.ba\/wp-content\/uploads\/2019\/06\/osnovna.png\" alt=\"\" class=\"wp-image-2408\" srcset=\"https:\/\/cersig.edu.ba\/wp-content\/uploads\/2019\/06\/osnovna.png 780w, https:\/\/cersig.edu.ba\/wp-content\/uploads\/2019\/06\/osnovna-300x225.png 300w, https:\/\/cersig.edu.ba\/wp-content\/uploads\/2019\/06\/osnovna-768x576.png 768w, https:\/\/cersig.edu.ba\/wp-content\/uploads\/2019\/06\/osnovna-600x450.png 600w\" sizes=\"auto, (max-width: 780px) 100vw, 780px\" \/><\/figure>\n\n\n\n<p><strong>Logopedski tretman<\/strong><strong><\/strong><\/p>\n\n\n\n<p><strong>Artikulacijski pote\u0161ko\u0107e<\/strong>,\nodnosno&nbsp;pote\u0161ko\u0107e izgovora glasova odnose se na &nbsp;pogre\u0161an izgovor glasova.<br>\nPote\u0161ko\u0107a mo\u017ee biti izgovor samo jednog glasa, npr. glas R, ali vrlo \u010desto je\nporeme\u0107ena cijela skupina odre\u0111enih glasova (npr. glasovi S,Z,C,\u0160,\u017d,\u010c,\u0106).<\/p>\n\n\n\n<p>Ova pote\u0161ko\u0107a\njedan je od naj\u010de\u0161\u0107ih govornih pote\u0161o\u0107a u pred\u0161kolskoj dobi, a nerijetko se\npojavljuje i kod&nbsp;\u0161kolske djece te odraslih osoba. <\/p>\n\n\n\n<p>U odre\u0111ivanju ja\u010dine\nartikulacijskih pote\u0161ko\u0107a najva\u017enije jeste razumljivost cjelokupnog govora. Ve\u0107i\nbroj poreme\u0107enih glasova dovodi do lo\u0161ije razumljivosti govora \u0161to znatno\note\u017eava komunikaciju.<\/p>\n\n\n\n<p>Dijete usvaja govor\nod najranije dobi. Porodica, posebno roditelji imaju temeljnu ulogu u razvoju\ngovora svog djeteta. Dobar govorni uzor je ujedno i jedna od najva\u017enijih\nstepenica u razvoju govora. Nestimulativna okolina, ne samo u pogledu govora\nnego i u pogledu osje\u0107aja \u0161tetno utje\u010de kako na razvoj govora tako i na\nemocionalni i intelektualni razvoj. Djetetov govor u po\u010detku najbolje razumiju\nnjemu bliske osobe (roditelji,bra\u0107a,sestre&#8230;).&nbsp;&nbsp;&nbsp; <\/p>\n\n\n\n<p><strong>Zaka\u0161njeli govorno-jezi\u010dki razvoj<\/strong><\/p>\n\n\n\n<p>Rani pokazatelji\ngovorno-jezi\u010dkog ka\u0161njenja kod djece:<\/p>\n\n\n\n<p>Dijete u prvoj\ngodini \u017eivota znatno manje brblja i spontano se ne&nbsp; artikulira u odnosu na dob svojih vr\u0161njaka<\/p>\n\n\n\n<ul class=\"wp-block-list\"><li>Slabije ostvaruje\nkontakt o\u010dima<\/li><li>Prva rije\u010d se\npojavljuje kasnije nego kod ostalih vr\u0161njaka (prosjek pojavljivanja je izme\u0111u\n10. i 14. mjeseca \u017eivota)<\/li><li>U dobi od 10. do 14. mjeseci\nne odaziva se na svoje ime<\/li><li>Dijete u dojena\u010dkoj\ndobi vrlo slabo reaguje na zvukove<\/li><li>S navr\u0161enom prvom\ngodinom \u017eivota ne poku\u0161ava komunicirati govorom ili gestama<\/li><li>U dobi od 15 mjeseci ne\nrazumije i ne koristi geste<\/li><li>Dijete od 16. do 18.\nmjeseci ne razumije i ne odgovara na jednostavne naloge (npr. \u201eDaj mi!\u201c,\n\u201eBaci!\u201c&#8230;)<\/li><li>Ne poku\u0161ava imitirati\ngovor odraslih<\/li><li>Roditeljima se \u010dini kao\nda dijete \u201eima neki svoj vlastiti govor\u201c<\/li><li>Sa 2,5 godine ne\nrazumije i ne ispunjava dvostruke naloge (npr. \u201eBaci loptu i donesi medu.\u201c&#8230;)<\/li><li>Dijete sa 2 do 2,5\ngodine ima manje od 50 rije\u010di u ekspresivnom govoru<\/li><\/ul>\n\n\n\n<p>Kada se obratiti\nlogopedu?<\/p>\n\n\n\n<p>Roditelji se\n\u010desto sami jave logopedu kada primjete da njihovo dijete u dobi od 2,5 do 3,5\ngodine znatno kasni u govorno-jezi\u010dkom razvoju, komunikaciji za svojim\nvr\u0161njacima. Ponekad se kod djeteta kasnije pojavljuje prva rije\u010d, a govorno-jezi\u010dki\nrazvoj kasnije ipak protekne uredno. Zato je vrlo va\u017eno, kako bismo uop\u0107e utvrdili\nradi li se o pote\u0161ko\u0107i ili ne, prepoznati rane pokazatelje govorno-jezi\u010dkih\npote\u0161ko\u0107a. Na taj na\u010din mo\u017eemo na vrijeme krenuti s terapijom i savjetovanjem\nroditelja.<\/p>\n\n\n\n<p><strong>Savjetovanje<\/strong><\/p>\n\n\n\n<p>S obzirom na sve\nve\u0107i broj djece koji imaju neki komunikacijski i\/ili jezi\u010dki, govorne pote\u0161ko\u0107e\nsve vi\u0161e pojedinaca tra\u017ei pomo\u0107 logopeda.<\/p>\n\n\n\n<p>Klju\u010dna uloga\nlogopeda nije samo u neposrednom radu s djetetom i\/ili odraslom osobom nego i u\nsavjetovanju roditelja.<\/p>\n\n\n\n<p>Uloga roditelja\nje vrlo va\u017ena jer su naj\u010de\u0161\u0107e oni ti koji prvi posumnjaju na bilo kakva odstupanja\nu komunikacijskom i govorno-jezi\u010dko razvoju svog djeteta.<\/p>\n\n\n\n<p>\u010cesto roditelji\nnisu sigurni radi li se samo o ka\u0161njenju, atipi\u010dnostima ili individualnim\nrazlikama njihovog djeteta u odnosu na drugu djecu. Upravo zbog toga od klju\u010dne\nje va\u017enosti informisati ih o normama urednog govorno-jezi\u010dkog razvoja kako bi\nmogli saznati treba li njihovo dijete stru\u010dnu pomo\u0107 logopeda.<\/p>\n\n\n\n<p>Upravo iz\nnavedenih razloga u na\u0161em kabinetu veliku pa\u017enju posve\u0107ujemo logopedskom\nsavjetovanju roditelja na logopedskoj dijagnostici, ali isto tako i kroz\nlogopedsku terapiju. <\/p>\n\n\n\n<p>U cilju\npostizanja \u0161to boljih i br\u017eih rezultata otvoreni smo za suradnju s drugim\nstru\u010dnjacima.<\/p>\n\n\n\n<table class=\"wp-block-table\"><tbody><tr><td><\/td><\/tr><tr><td><\/td><td>\n  \n   \n    \n    \n    3. <strong>Psiholog<\/strong>\n    \n    \n   \n  \n  &nbsp;<\/td><\/tr><\/tbody><\/table>\n\n\n\n<ul class=\"wp-block-list\"><li>Neposredan\nindividualni rad psihologa sa djecom o\u0161te\u0107enog sluha,&nbsp; govora i jezika pred\u0161kolske, mla\u0111e \u0161kolske i\nstarije \u0161kolske dobi, kroz sljede\u0107e oblasti:<\/li><li>Psihodijagnostika\n(psiholo\u0161ka procjena)<\/li><li>Psiholo\u0161ki\ntretman i rehabilitacija<\/li><li>Psiholo\u0161ka\nprevencija<\/li><li>Izrada\ni dostavljanje nalaza i mi\u0161ljenja na osnovu rezultata psiholo\u0161kog testiranja i\nprocjene<\/li><li>Rad\nsa odraslima (roditelji i staratelji)<\/li><li>Individualni\ni grupni savjetodavni rad sa djecom i roditeljima<\/li><li>Saradnja\nsa stru\u010dnim organima Centra<\/li><li>Saradnja\nsa relevantnim institucijama<\/li><li>Vo\u0111enje\ndokumentacije<\/li><\/ul>\n\n\n\n<figure class=\"wp-block-image\"><img loading=\"lazy\" decoding=\"async\" width=\"1024\" height=\"576\" src=\"https:\/\/cersig.edu.ba\/wp-content\/uploads\/2019\/06\/IMG_0910-1024x576.jpg\" alt=\"\" class=\"wp-image-2409\" srcset=\"https:\/\/cersig.edu.ba\/wp-content\/uploads\/2019\/06\/IMG_0910-1024x576.jpg 1024w, https:\/\/cersig.edu.ba\/wp-content\/uploads\/2019\/06\/IMG_0910-300x169.jpg 300w, https:\/\/cersig.edu.ba\/wp-content\/uploads\/2019\/06\/IMG_0910-768x432.jpg 768w, https:\/\/cersig.edu.ba\/wp-content\/uploads\/2019\/06\/IMG_0910-600x338.jpg 600w, https:\/\/cersig.edu.ba\/wp-content\/uploads\/2019\/06\/IMG_0910.jpg 1920w\" sizes=\"auto, (max-width: 1024px) 100vw, 1024px\" \/><\/figure>\n\n\n\n<table class=\"wp-block-table\"><tbody><tr><td><\/td><\/tr><tr><td><\/td><td>\n  \n   \n    \n    \n    4. <strong>Ambulanta <\/strong>\n    \n    \n   \n  \n  &nbsp;<\/td><\/tr><\/tbody><\/table>\n\n\n\n<p>Ambulanta u Centru radi svaki dan&nbsp; 8:00 do 15:00 sati.<\/p>\n\n\n\n<p>U ambulanti je uposlena medicinska sestra koja: <\/p>\n\n\n\n<p>&#8211; vodi brigu o higijeni u\u010denika i prostorija\nCentra. <\/p>\n\n\n\n<p>&#8211; sara\u0111uje sa spoljnim saradnicima <\/p>\n\n\n\n<p>&#8211; vr\u0161i audiometriranje djece i u\u010denika Centra<\/p>\n\n\n\n<p>&#8211; organizira i prati realizaciju sistematskih\npregleda \u0161kolske i pred\u0161kolske djece <\/p>\n\n\n\n<p>&#8211; vodi medicinsku dokumentaciju (kartoteka,\nregistar)<\/p>\n\n\n\n<p>&#8211; vr\u0161i obradu podataka i izvje\u0161tavanje <\/p>\n\n\n\n<p>&#8211; asistira doktoru medicine kod pregleda i\nmanjih zahvata<\/p>\n\n\n\n<p>&#8211; informi\u0161e pacijenata, zakazuje pregleda i tretmana kod logopeda i rehabilitatora<\/p>\n\n\n\n<p>&#8211; obilazak u\u010denika smje\u0161tenih u hraniteljke\nporodice <\/p>\n\n\n\n<p>Sva djeca Centra obuhva\u0107ena su redovnom\nkontrolom slu\u0161nog statusa. Na osnovu dobijenog audiometrijskog nalaza prati se\nslu\u0161ni status djeteta i programira njegov edukacijsko-rehabilitacijski rad.<\/p>\n\n\n\n<table class=\"wp-block-table\"><tbody><tr><td>\n  \n   \n    \n    \n    5.&nbsp; <strong>Fonetska&nbsp; ritmika&nbsp; <\/strong>\n    \n    \n   \n  \n  &nbsp;<\/td><\/tr><\/tbody><\/table>\n\n\n\n<p>U izazivanju glasova kod djece\no\u0161te\u0107enog sluha i govora, zna\u010dajno mjesto imaju ritmi\u010dke stimulacije. <\/p>\n\n\n\n<p>To je postupak izazivanja glasova\nkroz makro pokrete tijela. Svaki izgovoreni glas ima svoju napetost,\nintenzitet, du\u017einu trajanja i druge karakteristike, koje dijete lak\u0161e usvaja\nkroz karakteristi\u010dne pokrete tijela.<\/p>\n\n\n\n<p>Ritmi\u010dke stimulacije se sastoje\niz dvije vrste postupaka, stimulacije pokretom i muzi\u010dke stimulacije. <\/p>\n\n\n\n<p>Budu\u0107i da su ritam, intonacija,\nnapetost, intenzitet, pauza, i vrijeme osnovni elementi svake pa i najmanje\nizgovorene cjeline, muzi\u010dke stimulacije uz stimulacije pokretom, predstavljaju\ndragocjeni temelj kako za razvoj i korekciju govora kod osoba o\u0161te\u0107enog sluha i\ngovora, tako i za razvoj i korekciju izgovora kod usvajanja maternjeg jezika. <\/p>\n\n\n\n<p>Ovakav postupak u radu\nprimjenjuje se od pred\u0161kolskog perioda, a zatim i kroz ni\u017ee razrede <\/p>\n\n\n\n<p>( od I do IV).<\/p>\n\n\n\n\n\n\n\n<table class=\"wp-block-table\"><tbody><tr><td>\n  \n   \n    \n    \n    Senzorna\n    soba \n    \n    \n   \n  \n  &nbsp;<\/td><\/tr><\/tbody><\/table>\n\n\n\n<p>Oprema u\nsenzornoj sobi namijenjena je za senzornu integraciju i re\/habilitaciju sluha i\ngovora. <\/p>\n\n\n\n<p>Oprema kojom Centar\ntrenutno raspola\u017ee je:<\/p>\n\n\n\n<ol class=\"wp-block-list\"><li>Disko kugla sa\nelektromotornim pogonom<\/li><li>Cvijet2- integrisani\nsenzorni sistem sa transparentnim cijevima ( Bublle Tubes)<\/li><li>Svjetlosno zvu\u010dni\nEkvilajzer<\/li><li>Lazy bag<\/li><li>Strunja\u010da geometrijskih\noblika <\/li><li>Svjetlosna zavjesa<\/li><li>Svjetlosni pramen <\/li><li>Balansni disk sa\nrukohvatima <\/li><\/ol>\n\n\n\n\n\n\n\n\n","protected":false},"excerpt":{"rendered":"<p>1. Kabinet za rehabilitaciju slu\u0161anja i govora &nbsp; Rad sa djecom svakim radnim danom od 8:00-13:30 u skadu sa nastavnim kalendarom za teku\u0107u godinu. Zakazivanje termina: 033 226 977, lokal 22 (medicinska sestra Centra). Vrste tretmana: Dijagnosti\u010dki postupci i opservacija djece i odraslih Individualna rehabilitacija slu\u0161anja i govora djece \u0161kolskog uzrast Individualna rehabilitacija slu\u0161anja i &hellip; <br \/><a href=\"https:\/\/cersig.edu.ba\/odjel-za-dijagnostiku-i-rehabilitaciju\/\" class=\"more-link\">Continue reading <span class=\"screen-reader-text\">Odjel za dijagnostiku i rehabilitaciju<\/span><\/a><\/p>\n","protected":false},"author":1,"featured_media":0,"parent":0,"menu_order":0,"comment_status":"closed","ping_status":"closed","template":"","meta":{"footnotes":""},"class_list":["post-2406","page","type-page","status-publish","hentry"],"_links":{"self":[{"href":"https:\/\/cersig.edu.ba\/wp-json\/wp\/v2\/pages\/2406","targetHints":{"allow":["GET"]}}],"collection":[{"href":"https:\/\/cersig.edu.ba\/wp-json\/wp\/v2\/pages"}],"about":[{"href":"https:\/\/cersig.edu.ba\/wp-json\/wp\/v2\/types\/page"}],"author":[{"embeddable":true,"href":"https:\/\/cersig.edu.ba\/wp-json\/wp\/v2\/users\/1"}],"replies":[{"embeddable":true,"href":"https:\/\/cersig.edu.ba\/wp-json\/wp\/v2\/comments?post=2406"}],"version-history":[{"count":4,"href":"https:\/\/cersig.edu.ba\/wp-json\/wp\/v2\/pages\/2406\/revisions"}],"predecessor-version":[{"id":4639,"href":"https:\/\/cersig.edu.ba\/wp-json\/wp\/v2\/pages\/2406\/revisions\/4639"}],"wp:attachment":[{"href":"https:\/\/cersig.edu.ba\/wp-json\/wp\/v2\/media?parent=2406"}],"curies":[{"name":"wp","href":"https:\/\/api.w.org\/{rel}","templated":true}]}}