{"id":2447,"date":"2019-06-30T17:26:48","date_gmt":"2019-06-30T17:26:48","guid":{"rendered":"https:\/\/cersig.edu.ba\/?page_id=2447"},"modified":"2025-11-08T11:09:58","modified_gmt":"2025-11-08T11:09:58","slug":"vannastavne-aktivnosti","status":"publish","type":"page","link":"https:\/\/cersig.edu.ba\/vannastavne-aktivnosti\/","title":{"rendered":"Vannastavne aktivnosti"},"content":{"rendered":"\n<p>U Centru se organiziraju vannastavne\naktivnosti u\u010denika radi razvijanja njihovih stvarala\u010dkih sposobnosti i sticanja radnih navika i\nvje\u0161tina.<\/p>\n\n\n\n<p>Zadaci i programski sadr\u017eaj vannastavnih aktivnosti\nutvr\u0111uju se godi\u0161njim programom rada, u skladu sa pedago\u0161kim standardima i\nnormativima i pravilima Centra, a ostvaruju se putem sekcija, klubova, grupa,\nu\u010deni\u010dkih zadruga, projekata i drugih oblika i unose se u raspored \u010dasova\nsa\u010dinjen za te oblike nastave.<\/p>\n\n\n\n<h3 class=\"wp-block-heading\">Vannastavne aktivnosti za \u0161k. 2025\/2026. godinu<\/h3>\n\n\n\n<figure class=\"wp-block-table is-style-stripes\"><table class=\"has-fixed-layout\"><tbody><tr><td><strong>Redni broj<\/strong><\/td><td><strong>Naziv vannastavne aktivnosti<\/strong><\/td><td> <strong>Nastavnik koji realizuje   vannastavnu aktivnost<\/strong><\/td><\/tr><tr><td>1.<\/td><td><strong>Lutkarska sekcija<\/strong><\/td><td><strong>Edina Rid\u017eal <\/strong><\/td><\/tr><tr><td>2. <\/td><td><strong>Dramska sekcija <\/strong><\/td><td><strong>Sanela \u0160kalji\u0107<\/strong><\/td><\/tr><tr><td>3.<\/td><td><strong>Mali manekeni <\/strong><\/td><td><strong>Emina Ald\u017ei\u0107<\/strong><\/td><\/tr><tr><td>4.<\/td><td><strong>Likovna sekcija<\/strong><\/td><td><strong>Dijana Rifatbegov<\/strong>i\u0107<\/td><\/tr><tr><td><strong>5.<\/strong><\/td><td><strong>Ritmi\u010dko-plesna sekcija<\/strong><\/td><td><strong>Edisa Kalajac<\/strong><\/td><\/tr><tr><td><strong>6.<\/strong><\/td><td><strong>Digitalni znanci<\/strong><\/td><td><strong>Zlata Kapetan Lika<\/strong><\/td><\/tr><tr><td><strong>7.<\/strong><\/td><td><strong>Mali kreativci<\/strong><\/td><td><strong>Arsena \u010ci\u010dku\u0161i\u0107<\/strong><\/td><\/tr><tr><td><strong>8<\/strong>.<\/td><td><strong>\u010cuvari tradicije <\/strong><\/td><td><strong>Meliha Povlaki\u0107 Had\u017eiefendi\u0107<\/strong><\/td><\/tr><tr><td><strong>9<\/strong>.<\/td><td><strong>Novinarska sekcija <\/strong><\/td><td><\/td><\/tr><tr><td><\/td><td><\/td><td><\/td><\/tr><tr><td><\/td><td><\/td><td><\/td><\/tr><\/tbody><\/table><\/figure>\n\n\n\n<p><\/p>\n","protected":false},"excerpt":{"rendered":"<p>U Centru se organiziraju vannastavne aktivnosti u\u010denika radi razvijanja njihovih stvarala\u010dkih sposobnosti i sticanja radnih navika i vje\u0161tina. Zadaci i programski sadr\u017eaj vannastavnih aktivnosti utvr\u0111uju se godi\u0161njim programom rada, u skladu sa pedago\u0161kim standardima i normativima i pravilima Centra, a ostvaruju se putem sekcija, klubova, grupa, u\u010deni\u010dkih zadruga, projekata i drugih oblika i unose se &hellip; <br \/><a href=\"https:\/\/cersig.edu.ba\/vannastavne-aktivnosti\/\" class=\"more-link\">Continue reading <span class=\"screen-reader-text\">Vannastavne aktivnosti<\/span><\/a><\/p>\n","protected":false},"author":1,"featured_media":0,"parent":0,"menu_order":0,"comment_status":"closed","ping_status":"closed","template":"","meta":{"footnotes":""},"class_list":["post-2447","page","type-page","status-publish","hentry"],"_links":{"self":[{"href":"https:\/\/cersig.edu.ba\/wp-json\/wp\/v2\/pages\/2447","targetHints":{"allow":["GET"]}}],"collection":[{"href":"https:\/\/cersig.edu.ba\/wp-json\/wp\/v2\/pages"}],"about":[{"href":"https:\/\/cersig.edu.ba\/wp-json\/wp\/v2\/types\/page"}],"author":[{"embeddable":true,"href":"https:\/\/cersig.edu.ba\/wp-json\/wp\/v2\/users\/1"}],"replies":[{"embeddable":true,"href":"https:\/\/cersig.edu.ba\/wp-json\/wp\/v2\/comments?post=2447"}],"version-history":[{"count":11,"href":"https:\/\/cersig.edu.ba\/wp-json\/wp\/v2\/pages\/2447\/revisions"}],"predecessor-version":[{"id":12739,"href":"https:\/\/cersig.edu.ba\/wp-json\/wp\/v2\/pages\/2447\/revisions\/12739"}],"wp:attachment":[{"href":"https:\/\/cersig.edu.ba\/wp-json\/wp\/v2\/media?parent=2447"}],"curies":[{"name":"wp","href":"https:\/\/api.w.org\/{rel}","templated":true}]}}