{"id":2459,"date":"2019-06-30T21:16:40","date_gmt":"2019-06-30T21:16:40","guid":{"rendered":"https:\/\/cersig.edu.ba\/?page_id=2459"},"modified":"2019-06-30T21:26:33","modified_gmt":"2019-06-30T21:26:33","slug":"upis","status":"publish","type":"page","link":"https:\/\/cersig.edu.ba\/upis\/","title":{"rendered":"Upis"},"content":{"rendered":"\n<p><strong>Upis\ndjece u pred\u0161kolski odjel<\/strong><\/p>\n\n\n\n<p>Upis u\npred\u0161kolski odjel vr\u0161i se tokom cijele godine, u skladu sa Zakonom o\npred\u0161kolskom odgoju i obrazovanju i provedbenim aktima koji reguli\u0161u djelatnost\npred\u0161kolskog odgoja i obrazovanja. <\/p>\n\n\n\n<p>Upis djece vr\u0161i se na osnovu:<\/p>\n\n\n\n<ul class=\"wp-block-list\"><li>Pismenog Zahtjeva roditelja, uz prilo\u017eenu raspolo\u017eivu\nmedicinsku dokumentaciju,<\/li><li>Izvoda iz mati\u010dne knjige ro\u0111enih, <\/li><li>ljekarsko uvjerenje o psihofizi\u010dkom stanju djeteta za upis u\npred\u0161kolsko odjeljenje s opisom pote\u0161ko\u0107a, kao i drugu\nraspolo\u017eivu dokumentaciju vezano za psihofizi\u010dki stanje djeteta ili vrstu\nte\u0161ko\u0107e. <\/li><\/ul>\n\n\n\n<p><strong>Upis u\u010denika u osnovnu \u0161kolu<\/strong><\/p>\n\n\n\n<p>Osnovni odgoj\ni obrazovanje po\u010dinje upisom u prvi razred \u0161kole i obavezno je za&nbsp; svu djecu, od 6. do 15. godine \u017eivota. <\/p>\n\n\n\n<p>\u0160kolskim\nobveznikom redovne \u0161kole smatra se dijete koje je do 1. marta teku\u0107e godine\nnavr\u0161ilo pet i po godina \u017eivota. <\/p>\n\n\n\n<p>Ukoliko\npostoje odgovaraju\u0107e prostorni i kadrovski uslovi mo\u017ee se omogu\u0107iti upis u\n\u0161kolu djeteta koje je mla\u0111e od utvr\u0111ene starosne dobi predvi\u0111ene za po\u010detak\nobaveznog odgoja i obrazovanja, uz pismeni zahtjev roditelja i ako \u0161kola, nakon\n\u0161to razmotri preporuke komisije za upis u\u010denika u prvi razred, bude sigurna da\nje to u najboljem interesu djeteta. <\/p>\n\n\n\n<p>Na osnovu mi\u0161ljenja komisije, \u0161kolski obveznik mo\u017ee se\nprivremeno osoboditi upisa u osnovnu \u0161kolu, najdalje do navr\u0161enih sedam godina\n\u017eivota.<\/p>\n\n\n\n<p>Upis u osnovnu \u0161kolu Centra obavlja se u\nredovnom upisnom roku (april, august).\n<\/p>\n\n\n\n<p>Upis se vr\u0161i i tokom cijele \u0161kolske godine. <\/p>\n\n\n\n<p>.<\/p>\n\n\n\n<p><strong>Dokumentacija potrebna za upis u I razred osnovne\n\u0161kole<\/strong>: <\/p>\n\n\n\n<ol class=\"wp-block-list\"><li>Izvod iz mati\u010dne knjige\nro\u0111enih,<\/li><li>Ljekarsko uvjerenje o\npsihofizi\u010dkom stanju djeteta za upis u \u0161kolu i zdravstvenom statusu sa opisom\npote\u0161ko\u0107a,<\/li><li>Uvjerenje\/certifikat o\npoha\u0111anju obaveznog pred\u0161kolskog programa za djecu u godini pred polazak u\n\u0161kolu, <\/li><li>Zahtjev za upis, <\/li><li>Ostala medicinska\ndokumentacija. <\/li><\/ol>\n\n\n\n<p><strong>Upis u\u010denika u srednju \u0161kolu: <\/strong><\/p>\n\n\n\n<p>\u0160kolski odbor utvr\u0111uje\nprijedlog plana upisa u\u010denika u prvi razred srednje \u0161kole i dostavlja&nbsp; ga Ministarstvu.<\/p>\n\n\n\n<p>Upis\nu Centar vr\u0161i se tokom cijele \u0161kolske godine na osnovu nalaza i mi\u0161ljenja\nkomisije za upis centra nakon zavr\u0161enog opservaciono-dijagnosti\u010dkog procesa. <\/p>\n\n\n\n<p>Na\nosnovu nalaza i mi\u0161ljenja stru\u010dnog tima centra, predla\u017ee se najadekvatniji\noblik \u0161kolovanja u skladu sa mogu\u0107nostima, potrebama i interesima u\u010denika. &nbsp;<\/p>\n\n\n\n<p><strong>Dokumentacija potrebna za\nupis: <\/strong><\/p>\n\n\n\n<ol class=\"wp-block-list\"><li>Izvod\niz mati\u010dne knjige ro\u0111enih,<\/li><li>Svedo\u010danstvo o\nzavr\u0161enoj osnovnoj \u0161koli,<\/li><li>Drugu medicinsku\ndokumentaciju <\/li><\/ol>\n\n\n\n<p><strong>(Komisija\nza upis)&nbsp;&nbsp;&nbsp;&nbsp;&nbsp; <\/strong><\/p>\n\n\n\n<p>Ocjenu\nsposobnosti djece pri upisu u osnovnu \u0161kolu obavlja komisija sastavljena od\ndefektologa &#8211; odgovaraju\u0107eg profila, psihologa, pedagoga, socijalnog radnika,\nprofesora razredne nastave i nastavnika audiorehabilitatora u pred\u0161kolskom\nodjeljenju. <\/p>\n\n\n\n<p><strong>Upis u\u010denika iz drugih kantona<\/strong><\/p>\n\n\n\n<p>U\u010denici koji se u Centar\nuklju\u010duju iz drugih kantona smje\u0161taju se u hraniteljske porodice.<\/p>\n\n\n\n<p>Porodi\u010dni smje\u0161taj ili hraniteljstvo kakvo je\nprisutno u na\u0161em Centru, predstavlja vid zbrinjavanja slu\u0161no o\u0161te\u0107ene djece,\nkoja se zbog osposobljavanja za samostalan \u017eivot i rad upu\u0107uju izvan mjesta\nprebivali\u0161ta, u skladu sa Zakonom o osnovama socijalne\nza\u0161tite, za\u0161tite civilnih \u017ertava rata i za\u0161tite porodice sa djecom\n(&#8220;Slu\u017ebene novine Federacije BiH&#8221;, broj 36\/99, 54\/04, 39\/06, 14\/09,\n45\/16)<\/p>\n\n\n\n<p>Pravo na smje\u0161taj u drugu porodicu dijete ostvaruje\ndo povratka u vlastitu porodicu, odnosno do zavr\u0161etka redovnog \u0161kolovanja, pri\n\u010demu brigu o smje\u0161tenoj djeci u hraniteljskim porodicama vodi Centar. <\/p>\n\n\n\n<p>Tro\u0161kove smje\u0161taja djeteta preuzima centar za\nsocijalni rad, odnosno nadle\u017eno ministarstvo po prebivali\u0161tu djeteta, ukoliko\nto roditelji ne mogu obezbijediti i iznose 350 KM mjese\u010dno. <\/p>\n\n\n\n<p>Prije neposrednog uklju\u010divanja u na\u0161 Centar\nroditelji trebaju od nadle\u017ene ustanove dobiti saglasnost za priznavanje tro\u0161kova\nsmje\u0161taja. <\/p>\n\n\n\n<p>&nbsp;<strong>Prijevoz <\/strong><\/p>\n\n\n\n<p>U skladu sa \u010dlanom 64. Zakona o osnovnom\nodgoju i obrazovanju u\u010denicima <strong>osnovne\n\u0161kole<\/strong> Centra koji stanuju na udaljenosti ve\u0107oj od dva kilometra osiguravaju\nse sredstva za besplatan prijevoz do \u0161kole i nazad. Besplatan prijevoz se osigurava\ni za pratioca. <\/p>\n\n\n\n<p><strong>U\u017eina\n<\/strong><\/p>\n\n\n\n<p>Za u\u010denike <strong>osnovne \u0161kole<\/strong> koji se nalaze u stanju socijalne potrebe obezbje\u0111ene\nsu besplatne u\u017eine.<\/p>\n","protected":false},"excerpt":{"rendered":"<p>Upis djece u pred\u0161kolski odjel Upis u pred\u0161kolski odjel vr\u0161i se tokom cijele godine, u skladu sa Zakonom o pred\u0161kolskom odgoju i obrazovanju i provedbenim aktima koji reguli\u0161u djelatnost pred\u0161kolskog odgoja i obrazovanja. Upis djece vr\u0161i se na osnovu: Pismenog Zahtjeva roditelja, uz prilo\u017eenu raspolo\u017eivu medicinsku dokumentaciju, Izvoda iz mati\u010dne knjige ro\u0111enih, ljekarsko uvjerenje o &hellip; <br \/><a href=\"https:\/\/cersig.edu.ba\/upis\/\" class=\"more-link\">Continue reading <span class=\"screen-reader-text\">Upis<\/span><\/a><\/p>\n","protected":false},"author":1,"featured_media":0,"parent":0,"menu_order":0,"comment_status":"closed","ping_status":"closed","template":"","meta":{"footnotes":""},"class_list":["post-2459","page","type-page","status-publish","hentry"],"_links":{"self":[{"href":"https:\/\/cersig.edu.ba\/wp-json\/wp\/v2\/pages\/2459","targetHints":{"allow":["GET"]}}],"collection":[{"href":"https:\/\/cersig.edu.ba\/wp-json\/wp\/v2\/pages"}],"about":[{"href":"https:\/\/cersig.edu.ba\/wp-json\/wp\/v2\/types\/page"}],"author":[{"embeddable":true,"href":"https:\/\/cersig.edu.ba\/wp-json\/wp\/v2\/users\/1"}],"replies":[{"embeddable":true,"href":"https:\/\/cersig.edu.ba\/wp-json\/wp\/v2\/comments?post=2459"}],"version-history":[{"count":1,"href":"https:\/\/cersig.edu.ba\/wp-json\/wp\/v2\/pages\/2459\/revisions"}],"predecessor-version":[{"id":2460,"href":"https:\/\/cersig.edu.ba\/wp-json\/wp\/v2\/pages\/2459\/revisions\/2460"}],"wp:attachment":[{"href":"https:\/\/cersig.edu.ba\/wp-json\/wp\/v2\/media?parent=2459"}],"curies":[{"name":"wp","href":"https:\/\/api.w.org\/{rel}","templated":true}]}}