{"id":2872,"date":"2020-02-12T12:42:04","date_gmt":"2020-02-12T12:42:04","guid":{"rendered":"https:\/\/cersig.edu.ba\/?page_id=2872"},"modified":"2026-04-16T18:57:33","modified_gmt":"2026-04-16T18:57:33","slug":"propisi","status":"publish","type":"page","link":"https:\/\/cersig.edu.ba\/propisi\/","title":{"rendered":"Propisi i akti \u0161kole"},"content":{"rendered":"\n<div class=\"wp-block-file\"><a id=\"wp-block-file--media-ba2a4fd1-bec4-49db-99cc-a7767e2bdecc\" href=\"https:\/\/cersig.edu.ba\/wp-content\/uploads\/2026\/04\/Pravilnik-o-radu-i-sistematizaciji-radnih-mjesta-JU-Centar-za-slusnu-i-govornu-rehabilitaciju-Sarajevo.pdf\">PRAVILNIK o radu i sistematizaciji radnih mjesta JU Centar za slu\u0161nu i govornu rehabilitaciju Sarajevo<\/a><a href=\"https:\/\/cersig.edu.ba\/wp-content\/uploads\/2026\/04\/Pravilnik-o-radu-i-sistematizaciji-radnih-mjesta-JU-Centar-za-slusnu-i-govornu-rehabilitaciju-Sarajevo.pdf\" class=\"wp-block-file__button wp-element-button\" download aria-describedby=\"wp-block-file--media-ba2a4fd1-bec4-49db-99cc-a7767e2bdecc\">Preuzmi<\/a><\/div>\n\n\n\n<div class=\"wp-block-file\"><a id=\"wp-block-file--media-186df476-244c-4134-b376-244d1e57dc86\" href=\"https:\/\/cersig.edu.ba\/wp-content\/uploads\/2026\/03\/P-R-A-V-I-L-N-I-K-o-vlastitim-javnim-prihodima-Javne-ustanove-Centra-za-slusnu-i-govornu-rehabilitaciju-Sarajevo.pdf\"><strong>PRAVILNIK o vlastitim javnim prihodima J<\/strong>U<strong> Centra za slu\u0161nu i govornu rehabilitaciju Sarajevo<\/strong><\/a><a href=\"https:\/\/cersig.edu.ba\/wp-content\/uploads\/2026\/03\/P-R-A-V-I-L-N-I-K-o-vlastitim-javnim-prihodima-Javne-ustanove-Centra-za-slusnu-i-govornu-rehabilitaciju-Sarajevo.pdf\" class=\"wp-block-file__button wp-element-button\" download aria-describedby=\"wp-block-file--media-186df476-244c-4134-b376-244d1e57dc86\">Preuzmi<\/a><\/div>\n\n\n\n<div class=\"wp-block-file\"><a id=\"wp-block-file--media-ca605246-1f4c-484e-b1f3-5f4ad9b9900c\" href=\"https:\/\/cersig.edu.ba\/wp-content\/uploads\/2025\/10\/Plan-integriteta-JU-Centar-za-slusnu-i-govornu-rehabilitaciju-Sarajevo-1.8.2025.pdf\"><strong>PLAN INEGRITETA JU CENTAR ZA SLU\u0160NU I GOVORNU REHABILITACIJU SARAJEVO 01.08.2025. GOD<\/strong>.<\/a><a href=\"https:\/\/cersig.edu.ba\/wp-content\/uploads\/2025\/10\/Plan-integriteta-JU-Centar-za-slusnu-i-govornu-rehabilitaciju-Sarajevo-1.8.2025.pdf\" class=\"wp-block-file__button wp-element-button\" download aria-describedby=\"wp-block-file--media-ca605246-1f4c-484e-b1f3-5f4ad9b9900c\">Preuzmi<\/a><\/div>\n\n\n\n<div class=\"wp-block-file\"><a id=\"wp-block-file--media-14272262-e7c2-4760-b66d-2d7a9557bd50\" href=\"https:\/\/cersig.edu.ba\/wp-content\/uploads\/2026\/03\/Pravila-Centra-20.06.25.pdf\"><strong>Pravila J<\/strong>U <strong>Centra za slu\u0161nu i govornu rehabilitaciju Sarajevo 20.06.2025<\/strong><\/a><a href=\"https:\/\/cersig.edu.ba\/wp-content\/uploads\/2026\/03\/Pravila-Centra-20.06.25.pdf\" class=\"wp-block-file__button wp-element-button\" download aria-describedby=\"wp-block-file--media-14272262-e7c2-4760-b66d-2d7a9557bd50\">Preuzmi<\/a><\/div>\n\n\n\n<div class=\"wp-block-file\"><a id=\"wp-block-file--media-119859f0-7faf-4c7d-b085-6d1653249660\" href=\"https:\/\/cersig.edu.ba\/wp-content\/uploads\/2023\/04\/Pravilnik-o-javnoj-nabavci-roba-usluga-i-radova.pdf\"><strong>Pravilnik o javnoj nabavci roba, usluga i radova JU Centra<\/strong> 2023. god.<\/a><a href=\"https:\/\/cersig.edu.ba\/wp-content\/uploads\/2023\/04\/Pravilnik-o-javnoj-nabavci-roba-usluga-i-radova.pdf\" class=\"wp-block-file__button wp-element-button\" download aria-describedby=\"wp-block-file--media-119859f0-7faf-4c7d-b085-6d1653249660\">Preuzmi<\/a><\/div>\n\n\n\n<div class=\"wp-block-file\"><a id=\"wp-block-file--media-3fe2b653-d307-43b8-9eef-e0d8b2b39ddc\" href=\"https:\/\/cersig.edu.ba\/wp-content\/uploads\/2022\/10\/PRAVILNIK-O-INTERNOM-PRIJAVLJIVANJU-KORUPCIJE.pdf\"><strong>Pravilnik o internom prijavljivanju korupcije JU Centar 2022. god.<\/strong><\/a><a href=\"https:\/\/cersig.edu.ba\/wp-content\/uploads\/2022\/10\/PRAVILNIK-O-INTERNOM-PRIJAVLJIVANJU-KORUPCIJE.pdf\" class=\"wp-block-file__button wp-element-button\" download aria-describedby=\"wp-block-file--media-3fe2b653-d307-43b8-9eef-e0d8b2b39ddc\"><strong>Preuzmi<\/strong><\/a><\/div>\n\n\n\n<div class=\"wp-block-file\"><a id=\"wp-block-file--media-803f9880-1a9d-4ebb-88a2-7e5191cbbe77\" href=\"https:\/\/cersig.edu.ba\/wp-content\/uploads\/2022\/10\/Poslovnik-o-radu-\u0160kolskog-odbora-ure\u0111en-230322.pdf\">P<strong>oslovnik o radu \u0160kolskog odbora<\/strong><\/a><a href=\"https:\/\/cersig.edu.ba\/wp-content\/uploads\/2022\/10\/Poslovnik-o-radu-\u0160kolskog-odbora-ure\u0111en-230322.pdf\" class=\"wp-block-file__button wp-element-button\" download aria-describedby=\"wp-block-file--media-803f9880-1a9d-4ebb-88a2-7e5191cbbe77\"><strong>Preuzmi<\/strong><\/a><\/div>\n\n\n\n<div class=\"wp-block-file\"><a id=\"wp-block-file--media-165c16ce-9968-4bb8-b653-283ea7eaf1a7\" href=\"https:\/\/cersig.edu.ba\/wp-content\/uploads\/2021\/02\/Pravilnik-o-za\u0161titi-od-po\u017eara_compressed.pdf\"><strong>Pravilnik o za\u0161titi od po\u017eara<\/strong><\/a><a href=\"https:\/\/cersig.edu.ba\/wp-content\/uploads\/2021\/02\/Pravilnik-o-za\u0161titi-od-po\u017eara_compressed.pdf\" class=\"wp-block-file__button wp-element-button\" download aria-describedby=\"wp-block-file--media-165c16ce-9968-4bb8-b653-283ea7eaf1a7\"><strong>Preuzmi<\/strong><\/a><\/div>\n\n\n\n<div class=\"wp-block-file\"><a id=\"wp-block-file--media-39b3aa26-dbc4-4052-8450-4c79be1311df\" href=\"https:\/\/cersig.edu.ba\/wp-content\/uploads\/2020\/09\/KRIZNI-PLAN-CENTAR.pdf\">KRIZNI PLAN CENTAR 2020.god. <\/a><a href=\"https:\/\/cersig.edu.ba\/wp-content\/uploads\/2020\/09\/KRIZNI-PLAN-CENTAR.pdf\" class=\"wp-block-file__button wp-element-button\" download aria-describedby=\"wp-block-file--media-39b3aa26-dbc4-4052-8450-4c79be1311df\"><strong>Preuzmi<\/strong><\/a><\/div>\n\n\n\n<div class=\"wp-block-file\"><a id=\"wp-block-file--media-f0580d8f-e5cd-44fc-b1ee-ab2231e07b27\" href=\"https:\/\/cersig.edu.ba\/wp-content\/uploads\/2020\/10\/ETI\u010cKI-KODEKS-PONA\u0160ANJA-U-ONLINE-NASTAVI.pdf\">ETI\u010cKI KODEKS PONA\u0160ANJA U ONLINE NASTAVI 2020. god<\/a><a href=\"https:\/\/cersig.edu.ba\/wp-content\/uploads\/2020\/10\/ETI\u010cKI-KODEKS-PONA\u0160ANJA-U-ONLINE-NASTAVI.pdf\" class=\"wp-block-file__button wp-element-button\" download aria-describedby=\"wp-block-file--media-f0580d8f-e5cd-44fc-b1ee-ab2231e07b27\"><strong>Preuzmi<\/strong><\/a><\/div>\n\n\n\n<div class=\"wp-block-file\"><a id=\"wp-block-file--media-65d9fce6-f07f-400d-ad5e-a0ae4e8e1244\" href=\"https:\/\/cersig.edu.ba\/wp-content\/uploads\/2020\/02\/Uputstvo-E-dnevnik-2.pdf\">Uputstvo za E dnevnik<\/a><a href=\"https:\/\/cersig.edu.ba\/wp-content\/uploads\/2020\/02\/Uputstvo-E-dnevnik-2.pdf\" class=\"wp-block-file__button wp-element-button\" download aria-describedby=\"wp-block-file--media-65d9fce6-f07f-400d-ad5e-a0ae4e8e1244\"><strong>Preuzmi<\/strong><\/a><\/div>\n\n\n\n<div class=\"wp-block-file\"><a id=\"wp-block-file--media-dd3b2cbc-7ecd-4d88-8fa4-4a6d7fcea596\" href=\"https:\/\/cersig.edu.ba\/wp-content\/uploads\/2021\/02\/Eti\u010dki-kodeks-pona\u0161anja-radnika-Centra.pdf\">Eti\u010dki kodeks pona\u0161anja radnika Centra<\/a><a href=\"https:\/\/cersig.edu.ba\/wp-content\/uploads\/2021\/02\/Eti\u010dki-kodeks-pona\u0161anja-radnika-Centra.pdf\" class=\"wp-block-file__button wp-element-button\" download aria-describedby=\"wp-block-file--media-dd3b2cbc-7ecd-4d88-8fa4-4a6d7fcea596\">Preuzmi<\/a><\/div>\n\n\n\n<div class=\"wp-block-file\"><a id=\"wp-block-file--media-7dbb6a05-672a-40a1-a5ae-c4806fedf4af\" href=\"https:\/\/cersig.edu.ba\/wp-content\/uploads\/2021\/02\/Eti\u010dki-kodeks-pona\u0161anja-u\u010denika.pdf\">Eti\u010dki kodeks pona\u0161anja u\u010denika<\/a><a href=\"https:\/\/cersig.edu.ba\/wp-content\/uploads\/2021\/02\/Eti\u010dki-kodeks-pona\u0161anja-u\u010denika.pdf\" class=\"wp-block-file__button wp-element-button\" download aria-describedby=\"wp-block-file--media-7dbb6a05-672a-40a1-a5ae-c4806fedf4af\">Preuzmi<\/a><\/div>\n\n\n\n<div class=\"wp-block-file\"><a id=\"wp-block-file--media-0e771e82-3743-4f1c-838d-3b10e16881aa\" href=\"https:\/\/cersig.edu.ba\/wp-content\/uploads\/2021\/02\/Pravilnik-o-ku\u0107nom-redu.pdf\">Pravilnik o ku\u0107nom redu<\/a><a href=\"https:\/\/cersig.edu.ba\/wp-content\/uploads\/2021\/02\/Pravilnik-o-ku\u0107nom-redu.pdf\" class=\"wp-block-file__button wp-element-button\" download aria-describedby=\"wp-block-file--media-0e771e82-3743-4f1c-838d-3b10e16881aa\">Preuzmi<\/a><\/div>\n\n\n\n<div class=\"wp-block-file\"><a id=\"wp-block-file--media-162d086b-e53a-4778-b004-79264620cb30\" href=\"https:\/\/cersig.edu.ba\/wp-content\/uploads\/2020\/02\/Pravilnik-o-sukobu-interesa-JU-Centar-za-slu\u0161nu-i-govornu-rehabilitaciju.pdf\">Pravilnik o sukobu interesa JU Centar za slu\u0161nu i govornu rehabilitaciju 2019. god. <\/a><a href=\"https:\/\/cersig.edu.ba\/wp-content\/uploads\/2020\/02\/Pravilnik-o-sukobu-interesa-JU-Centar-za-slu\u0161nu-i-govornu-rehabilitaciju.pdf\" class=\"wp-block-file__button wp-element-button\" download aria-describedby=\"wp-block-file--media-162d086b-e53a-4778-b004-79264620cb30\">Preuzmi<\/a><\/div>\n\n\n\n<p><\/p>\n","protected":false},"excerpt":{"rendered":"PRAVILNIK o radu i sistematizaciji radnih mjesta JU Centar za slu\u0161nu i govornu rehabilitaciju SarajevoPreuzmi PRAVILNIK o vlastitim javnim prihodima JU Centra za slu\u0161nu i govornu rehabilitaciju SarajevoPreuzmi PLAN INEGRITETA JU CENTAR ZA SLU\u0160NU I GOVORNU REHABILITACIJU SARAJEVO 01.08.2025. GOD.Preuzmi Pravila JU Centra za slu\u0161nu i govornu rehabilitaciju Sarajevo 20.06.2025Preuzmi Pravilnik o javnoj nabavci roba, &hellip; <br \/><a href=\"https:\/\/cersig.edu.ba\/propisi\/\" class=\"more-link\">Continue reading <span class=\"screen-reader-text\">Propisi i akti \u0161kole<\/span><\/a>","protected":false},"author":1,"featured_media":0,"parent":0,"menu_order":0,"comment_status":"closed","ping_status":"closed","template":"","meta":{"footnotes":""},"class_list":["post-2872","page","type-page","status-publish","hentry"],"_links":{"self":[{"href":"https:\/\/cersig.edu.ba\/wp-json\/wp\/v2\/pages\/2872","targetHints":{"allow":["GET"]}}],"collection":[{"href":"https:\/\/cersig.edu.ba\/wp-json\/wp\/v2\/pages"}],"about":[{"href":"https:\/\/cersig.edu.ba\/wp-json\/wp\/v2\/types\/page"}],"author":[{"embeddable":true,"href":"https:\/\/cersig.edu.ba\/wp-json\/wp\/v2\/users\/1"}],"replies":[{"embeddable":true,"href":"https:\/\/cersig.edu.ba\/wp-json\/wp\/v2\/comments?post=2872"}],"version-history":[{"count":93,"href":"https:\/\/cersig.edu.ba\/wp-json\/wp\/v2\/pages\/2872\/revisions"}],"predecessor-version":[{"id":14341,"href":"https:\/\/cersig.edu.ba\/wp-json\/wp\/v2\/pages\/2872\/revisions\/14341"}],"wp:attachment":[{"href":"https:\/\/cersig.edu.ba\/wp-json\/wp\/v2\/media?parent=2872"}],"curies":[{"name":"wp","href":"https:\/\/api.w.org\/{rel}","templated":true}]}}