{"id":30,"date":"2017-01-07T05:00:43","date_gmt":"2017-01-07T05:00:43","guid":{"rendered":"http:\/\/apusthemes.com\/wp-demo\/campress\/?page_id=30"},"modified":"2026-04-14T20:57:30","modified_gmt":"2026-04-14T20:57:30","slug":"home1","status":"publish","type":"page","link":"https:\/\/cersig.edu.ba\/","title":{"rendered":"Po\u010detna"},"content":{"rendered":"<p>[vc_row full_width=&#8221;stretch_row_content&#8221;][vc_column][rev_slider_vc alias=&#8221;home-1&#8221;][\/vc_column][\/vc_row][vc_row el_class=&#8221;mtop-74&#8221;][vc_column][ninzio_features_box items=&#8221;%5B%7B%22icon_font%22%3A%22%20u-icons-book2%22%2C%22title%22%3A%22Upis%20djece%20u%20pred%C5%A1kolski%20odjel%22%2C%22description%22%3A%22Upis%20u%20pred%C5%A1kolski%20odjel%20vr%C5%A1i%20se%20tokom%20cijele%20godine%2C%20u%20skladu%20sa%20Zakonom%20o%20pred%C5%A1kolskom%20odgoju%20i%20obrazovanju%20i%20provedbenim%20aktima%20koji%20reguli%C5%A1u%20djelatnost%20pred%C5%A1kolskog%20odgoja%20i%20obrazovanja.%20red%C5%A1kolski%20odgoj%20i%20obrazovanje%20je%20integralni%20dio%20jedinstvenog%20odgojno-obrazovnog%20sistema.%22%2C%22featured%22%3A%220%22%7D%2C%7B%22icon_font%22%3A%22%20u-icons-book2%22%2C%22title%22%3A%22Upis%20u%C4%8Denika%20u%20osnovnu%20%C5%A1kolu%22%2C%22description%22%3A%22Osnovni%20odgoj%20i%20obrazovanje%20po%C4%8Dinje%20upisom%20u%20prvi%20razred%20%C5%A1kole%20i%20obavezno%20je%20za%20%20svu%20djecu%2C%20od%206.%20do%2015.%20godine%20%C5%BEivota.%20%5Cn%C5%A0kolskim%20obveznikom%20redovne%20%C5%A1kole%20smatra%20se%20dijete%20koje%20je%20do%201.%20marta%20teku%C4%87e%20godine%20navr%C5%A1ilo%20pet%20i%20po%20godina%20%C5%BEivota.%20Nastava%20se%20izvodi%20u%20odjeljenjima%20jednog%20ili%20kombinovanog%20razreda.%5Cn%22%2C%22featured%22%3A%221%22%7D%2C%7B%22icon_font%22%3A%22%20u-icons-book2%22%2C%22title%22%3A%22Upis%20u%C4%8Denika%20u%20srednju%20%C5%A1kolu%22%2C%22description%22%3A%22%C5%A0kolski%20odbor%20utvr%C4%91uje%20prijedlog%20plana%20upisa%20u%C4%8Denika%20u%20prvi%20razred%20srednje%20%C5%A1kole%20i%20dostavlja%20%20ga%20Ministarstvu.%5CnUpis%20u%20Centar%20vr%C5%A1i%20se%20tokom%20cijele%20%C5%A1kolske%20godine%20na%20osnovu%20nalaza%20i%20mi%C5%A1ljenja%20komisije%20za%20upis%20centra%20nakon%20zavr%C5%A1enog%20opservaciono-dijagnosti%C4%8Dkog%20procesa.%5Cn%22%2C%22featured%22%3A%220%22%7D%5D&#8221; number=&#8221;3&#8221; style=&#8221;style2&#8221; el_class=&#8221;features-box-small&#8221;][\/vc_column][\/vc_row][vc_row el_class=&#8221;mtop-74&#8221;][vc_column][vc_empty_space height=&#8221;45px&#8221;][vc_separator][vc_empty_space height=&#8221;45px&#8221;][vc_row_inner equal_height=&#8221;yes&#8221;][vc_column_inner width=&#8221;1\/2&#8221;][vc_single_image image=&#8221;14318&#8221; img_size=&#8221;full&#8221; alignment=&#8221;center&#8221; css_animation=&#8221;bounceInLeft&#8221;][\/vc_column_inner][vc_column_inner width=&#8221;1\/2&#8221;][ninzio_title_heading style=&#8221;style1&#8221; title=&#8221;Eksterna matura i online upis u \u0161kolskoj 2025\/2026. godini&#8221; el_class=&#8221;vc-blog&#8221;][ninzio_call_action title=&#8221;&#8221; buttons1=&#8221;btn-theme&#8221; style=&#8221;styledefault&#8221; textbutton1=&#8221;Saznaj vi\u0161e&#8221; linkbutton1=&#8221;https:\/\/cersig.edu.ba\/eksterna-matura-i-online-upis-u-skolskoj-2025-2026-godini\/&#8221;][\/ninzio_call_action][\/vc_column_inner][\/vc_row_inner][vc_empty_space height=&#8221;45px&#8221;][vc_separator][\/vc_column][\/vc_row][vc_row gap=&#8221;35&#8221; equal_height=&#8221;yes&#8221;][vc_column width=&#8221;2\/3&#8221;][vc_empty_space height=&#8221;45px&#8221;][ninzio_title_heading style=&#8221;default&#8221; title=&#8221;AKTUELNOSTI&#8221; el_class=&#8221;vc-blog&#8221;][ninzio_gridposts grid_columns=&#8221;2&#8221; loop=&#8221;size:4|order_by:date|order:DESC|post_type:post|categories:76,1&#8221; thumbsize=&#8221;full&#8221;][ninzio_call_action title=&#8221;&#8221; buttons1=&#8221;btn-theme&#8221; style=&#8221;styledefault&#8221; textbutton1=&#8221;Vi\u0161e&#8221; linkbutton1=&#8221;https:\/\/cersig.edu.ba\/category\/uncategorized\/&#8221; el_class=&#8221;text-center&#8221;][\/ninzio_call_action][\/vc_column][vc_column width=&#8221;1\/3&#8221;][vc_empty_space height=&#8221;45px&#8221;][ninzio_title_heading style=&#8221;default&#8221; title=&#8221;OBAVJE\u0160TENJA&#8221; el_class=&#8221;vc-blog&#8221;][ninzio_gridposts grid_columns=&#8221;1&#8221; loop=&#8221;size:3|order_by:date|order:DESC|categories:83&#8221; el_class=&#8221;col-sm-12&#8221;][vc_empty_space height=&#8221;45px&#8221;][vc_empty_space height=&#8221;35&#8221;][ninzio_call_action title=&#8221;&#8221; buttons1=&#8221;btn-theme&#8221; style=&#8221;styledefault&#8221; textbutton1=&#8221;Vi\u0161e&#8221; linkbutton1=&#8221;https:\/\/cersig.edu.ba\/category\/obavjestenja\/&#8221; el_class=&#8221;text-center&#8221;][\/ninzio_call_action][\/vc_column][\/vc_row][vc_row full_width=&#8221;stretch_row_content_no_spaces&#8221; css=&#8221;.vc_custom_1508994163836{background: #000000 url(https:\/\/cersig.edu.ba\/wp-content\/uploads\/2017\/01\/section_bg1.jpg?id=1051) !important;}&#8221;][vc_column][vc_empty_space height=&#8221;42&#8221; el_class=&#8221;hidden-xs hidden-sm hidden-md&#8221;][vc_empty_space height=&#8221;42&#8221;][ninzio_testimonials number=&#8221;3&#8221; layout_type=&#8221;style2&#8221;][vc_empty_space height=&#8221;56&#8221; el_class=&#8221;hidden-xs hidden-sm hidden-md&#8221;][vc_empty_space height=&#8221;56&#8221;][\/vc_column][\/vc_row][vc_row full_width=&#8221;stretch_row_content&#8221;][vc_column][vc_empty_space height=&#8221;53&#8221; el_class=&#8221;hidden-xs hidden-sm hidden-md&#8221;][vc_empty_space height=&#8221;53&#8221;][ninzio_title_heading descript=&#8221;Slike na\u0161ih u\u010denika i \u0161kole&#8221; style=&#8221;default&#8221; title=&#8221;Galerija slika&#8221; el_class=&#8221;vc-gallery&#8221;][ninzio_gallery columns=&#8221;4&#8221; layout_type=&#8221;mansory&#8221; show_categories_filter=&#8221;yes&#8221; show_loadmore=&#8221;yes&#8221; thumbsize=&#8221;429&#215;386&#8221;][\/vc_column][\/vc_row]<\/p>\n","protected":false},"excerpt":{"rendered":"<p>[vc_row full_width=&#8221;stretch_row_content&#8221;][vc_column][rev_slider_vc alias=&#8221;home-1&#8221;][\/vc_column][\/vc_row][vc_row el_class=&#8221;mtop-74&#8221;][vc_column][ninzio_features_box items=&#8221;%5B%7B%22icon_font%22%3A%22%20u-icons-book2%22%2C%22title%22%3A%22Upis%20djece%20u%20pred%C5%A1kolski%20odjel%22%2C%22description%22%3A%22Upis%20u%20pred%C5%A1kolski%20odjel%20vr%C5%A1i%20se%20tokom%20cijele%20godine%2C%20u%20skladu%20sa%20Zakonom%20o%20pred%C5%A1kolskom%20odgoju%20i%20obrazovanju%20i%20provedbenim%20aktima%20koji%20reguli%C5%A1u%20djelatnost%20pred%C5%A1kolskog%20odgoja%20i%20obrazovanja.%20red%C5%A1kolski%20odgoj%20i%20obrazovanje%20je%20integralni%20dio%20jedinstvenog%20odgojno-obrazovnog%20sistema.%22%2C%22featured%22%3A%220%22%7D%2C%7B%22icon_font%22%3A%22%20u-icons-book2%22%2C%22title%22%3A%22Upis%20u%C4%8Denika%20u%20osnovnu%20%C5%A1kolu%22%2C%22description%22%3A%22Osnovni%20odgoj%20i%20obrazovanje%20po%C4%8Dinje%20upisom%20u%20prvi%20razred%20%C5%A1kole%20i%20obavezno%20je%20za%20%20svu%20djecu%2C%20od%206.%20do%2015.%20godine%20%C5%BEivota.%20%5Cn%C5%A0kolskim%20obveznikom%20redovne%20%C5%A1kole%20smatra%20se%20dijete%20koje%20je%20do%201.%20marta%20teku%C4%87e%20godine%20navr%C5%A1ilo%20pet%20i%20po%20godina%20%C5%BEivota.%20Nastava%20se%20izvodi%20u%20odjeljenjima%20jednog%20ili%20kombinovanog%20razreda.%5Cn%22%2C%22featured%22%3A%221%22%7D%2C%7B%22icon_font%22%3A%22%20u-icons-book2%22%2C%22title%22%3A%22Upis%20u%C4%8Denika%20u%20srednju%20%C5%A1kolu%22%2C%22description%22%3A%22%C5%A0kolski%20odbor%20utvr%C4%91uje%20prijedlog%20plana%20upisa%20u%C4%8Denika%20u%20prvi%20razred%20srednje%20%C5%A1kole%20i%20dostavlja%20%20ga%20Ministarstvu.%5CnUpis%20u%20Centar%20vr%C5%A1i%20se%20tokom%20cijele%20%C5%A1kolske%20godine%20na%20osnovu%20nalaza%20i%20mi%C5%A1ljenja%20komisije%20za%20upis%20centra%20nakon%20zavr%C5%A1enog%20opservaciono-dijagnosti%C4%8Dkog%20procesa.%5Cn%22%2C%22featured%22%3A%220%22%7D%5D&#8221; number=&#8221;3&#8221; style=&#8221;style2&#8221; el_class=&#8221;features-box-small&#8221;][\/vc_column][\/vc_row][vc_row el_class=&#8221;mtop-74&#8221;][vc_column][vc_empty_space height=&#8221;45px&#8221;][vc_separator][vc_empty_space height=&#8221;45px&#8221;][vc_row_inner equal_height=&#8221;yes&#8221;][vc_column_inner width=&#8221;1\/2&#8221;][vc_single_image image=&#8221;14318&#8221; img_size=&#8221;full&#8221; alignment=&#8221;center&#8221; css_animation=&#8221;bounceInLeft&#8221;][\/vc_column_inner][vc_column_inner width=&#8221;1\/2&#8221;][ninzio_title_heading style=&#8221;style1&#8221; title=&#8221;Eksterna matura i online upis u \u0161kolskoj 2025\/2026. godini&#8221; el_class=&#8221;vc-blog&#8221;][ninzio_call_action title=&#8221;&#8221; buttons1=&#8221;btn-theme&#8221; style=&#8221;styledefault&#8221; textbutton1=&#8221;Saznaj vi\u0161e&#8221; linkbutton1=&#8221;https:\/\/cersig.edu.ba\/eksterna-matura-i-online-upis-u-skolskoj-2025-2026-godini\/&#8221;][\/ninzio_call_action][\/vc_column_inner][\/vc_row_inner][vc_empty_space height=&#8221;45px&#8221;][vc_separator][\/vc_column][\/vc_row][vc_row gap=&#8221;35&#8221; equal_height=&#8221;yes&#8221;][vc_column width=&#8221;2\/3&#8221;][vc_empty_space height=&#8221;45px&#8221;][ninzio_title_heading style=&#8221;default&#8221; title=&#8221;AKTUELNOSTI&#8221; el_class=&#8221;vc-blog&#8221;][ninzio_gridposts grid_columns=&#8221;2&#8221; loop=&#8221;size:4|order_by:date|order:DESC|post_type:post|categories:76,1&#8221; thumbsize=&#8221;full&#8221;][ninzio_call_action title=&#8221;&#8221; buttons1=&#8221;btn-theme&#8221; style=&#8221;styledefault&#8221; textbutton1=&#8221;Vi\u0161e&#8221; linkbutton1=&#8221;https:\/\/cersig.edu.ba\/category\/uncategorized\/&#8221; el_class=&#8221;text-center&#8221;][\/ninzio_call_action][\/vc_column][vc_column width=&#8221;1\/3&#8221;][vc_empty_space height=&#8221;45px&#8221;][ninzio_title_heading style=&#8221;default&#8221; &hellip; <br \/><a href=\"https:\/\/cersig.edu.ba\/\" class=\"more-link\">Continue reading <span class=\"screen-reader-text\">Po\u010detna<\/span><\/a><\/p>\n","protected":false},"author":1,"featured_media":0,"parent":0,"menu_order":0,"comment_status":"closed","ping_status":"closed","template":"","meta":{"footnotes":""},"class_list":["post-30","page","type-page","status-publish","hentry"],"_links":{"self":[{"href":"https:\/\/cersig.edu.ba\/wp-json\/wp\/v2\/pages\/30","targetHints":{"allow":["GET"]}}],"collection":[{"href":"https:\/\/cersig.edu.ba\/wp-json\/wp\/v2\/pages"}],"about":[{"href":"https:\/\/cersig.edu.ba\/wp-json\/wp\/v2\/types\/page"}],"author":[{"embeddable":true,"href":"https:\/\/cersig.edu.ba\/wp-json\/wp\/v2\/users\/1"}],"replies":[{"embeddable":true,"href":"https:\/\/cersig.edu.ba\/wp-json\/wp\/v2\/comments?post=30"}],"version-history":[{"count":45,"href":"https:\/\/cersig.edu.ba\/wp-json\/wp\/v2\/pages\/30\/revisions"}],"predecessor-version":[{"id":14332,"href":"https:\/\/cersig.edu.ba\/wp-json\/wp\/v2\/pages\/30\/revisions\/14332"}],"wp:attachment":[{"href":"https:\/\/cersig.edu.ba\/wp-json\/wp\/v2\/media?parent=30"}],"curies":[{"name":"wp","href":"https:\/\/api.w.org\/{rel}","templated":true}]}}