{"id":6045,"date":"2022-10-09T10:58:48","date_gmt":"2022-10-09T10:58:48","guid":{"rendered":"https:\/\/cersig.edu.ba\/?page_id=6045"},"modified":"2026-03-16T11:32:55","modified_gmt":"2026-03-16T11:32:55","slug":"zakonski-i-podzakonski-propisi","status":"publish","type":"page","link":"https:\/\/cersig.edu.ba\/zakonski-i-podzakonski-propisi\/","title":{"rendered":"Zakonski i podzakonski propisi"},"content":{"rendered":"\n<p><strong>Pravilnik o uvjetima za posebne prostore za pu\u0161enje u smislu izuzetaka od zabrane pu\u0161enja (\u201eSlu\u017ebene novine Federacije BiH\u201c, broj <a href=\"https:\/\/fmoh.gov.ba\/uploads\/files\/Pravilnik%20o%20uvjetima%20za%20prostore%20za%20pusenje%20-%20Sl.%20nov.%2041_24.pdf\" data-type=\"link\" data-id=\"https:\/\/fmoh.gov.ba\/uploads\/files\/Pravilnik%20o%20uvjetima%20za%20prostore%20za%20pusenje%20-%20Sl.%20nov.%2041_24.pdf\">41\/44<\/a>)<\/strong><\/p>\n\n\n\n<p><strong>Zakon o kontroli i ograni\u010denoj upotrebi duhana, duhanskih i ostalih proizvoda za pu\u0161enje (\u201eSlu\u017ebene novine Federacije BiH\u201c, broj <a href=\"https:\/\/fmoh.gov.ba\/uploads\/files\/Zakon%20o%20kontroli%20i%20ogranicenoj%20upotrebi%20duhana%20-%20Sl.%20novine%2038_22.pdf\" data-type=\"link\" data-id=\"https:\/\/fmoh.gov.ba\/uploads\/files\/Zakon%20o%20kontroli%20i%20ogranicenoj%20upotrebi%20duhana%20-%20Sl.%20novine%2038_22.pdf\">38\/22<\/a>)<\/strong><\/p>\n\n\n\n<p><strong>Zakon o odgoju i obrazovanju u osnovnoj i srednjoj \u0161koli ( &#8220;Slu\u017ebene novine Kantona Sarajevo&#8221;;<\/strong> <a href=\"https:\/\/mo.ks.gov.ba\/sites\/mo.ks.gov.ba\/files\/2024-07\/Zakon%20o%20osnovnom%20i%20srednjem%20obrazovanju.pdf\"><strong>27\/24<\/strong><\/a>) <\/p>\n\n\n\n<p><strong>Pravilnik o izmjenama pravilnika o inkluzivnom obrazovanju( &#8220;Slu\u017ebene novine Kantona Sarajevo&#8221; <\/strong><strong><a href=\"https:\/\/mo.ks.gov.ba\/sites\/mo.ks.gov.ba\/files\/2024-08\/Pravilnik%20o%20izmj.%20P.%20o%20inkluzivnom%20obr..pdf\">30\/24<\/a>)<\/strong><\/p>\n\n\n\n<p><strong>Pravilnik o inkluzivnom obrazovanju (<strong>\u201cSlu\u017ebene novine Kantona Sarajevo\u201d<\/strong>; <a href=\"https:\/\/mo.ks.gov.ba\/sites\/mo.ks.gov.ba\/files\/2024-06\/pravilnik_o_inkluzivnom_obrazovanju_snks_32_19.pdf\">32\/19<\/a><a href=\"http:\/\/(\u201cSlu\u017ebene novine Kantona Sarajevo\u201d;\">)<\/a><\/strong><\/p>\n\n\n\n<p><strong>PRAVILNIK o na\u010dinu i obliku provo\u0111enja odgojno-obrazovne podr\u0161ke i stru\u010dnog tretmana<\/strong> <strong><strong>(\u201cSlu\u017ebene novine Kantona Sarajevo\u201d<\/strong>; <\/strong><a href=\"https:\/\/mo.ks.gov.ba\/sites\/mo.ks.gov.ba\/files\/PRAVILNIK%20o%20na%C4%8Dinu%20i%20obliku%20provo%C4%91enja%20odgojno-obrazovne%20podr%C5%A1ke%20i%20stru%C4%8Dnog%20tretmana%2019%2024.pdf\"><strong>19\/24<\/strong><\/a><\/p>\n\n\n\n<p><strong>Zakon o prevenciji i susbijanju korupcije u Kantonu Sarajevo <strong>(\u201cSlu\u017ebene novine Kantona Sarajevo\u201d<\/strong>; <a rel=\"noreferrer noopener\" href=\"https:\/\/propisi.ks.gov.ba\/sites\/propisi.ks.gov.ba\/files\/35_22.pdf\" data-type=\"URL\" data-id=\"https:\/\/propisi.ks.gov.ba\/sites\/propisi.ks.gov.ba\/files\/35_22.pdf\" target=\"_blank\">35\/22<\/a>; <a rel=\"noreferrer noopener\" href=\"https:\/\/propisi.ks.gov.ba\/sites\/propisi.ks.gov.ba\/files\/52_22_0.pdf\" data-type=\"URL\" data-id=\"https:\/\/propisi.ks.gov.ba\/sites\/propisi.ks.gov.ba\/files\/52_22_0.pdf\" target=\"_blank\">52\/22<\/a><\/strong>)<\/p>\n\n\n\n<p><strong>Uredba o vrsti i postupku objavljivanja propisa i javnosti rada organa uprave, javnih preduze\u0107a, javnih ustanova i pravnih lica \u010diji je osniva\u010d Kanton Sarajevo<\/strong> (&#8220;S<strong>lu\u017ebene novine Kanton Sarajevo&#8221;: <a rel=\"noreferrer noopener\" href=\"https:\/\/mo.ks.gov.ba\/sites\/mo.ks.gov.ba\/files\/2023-08\/uredba_o_vrsti_i_postupku_objavljivanja_propisa_i_javnosti_rada_organa_uprave_javnih_preduzeca_javnih_ustanova_i_pravnih_lica_ciji_je_osnivac_kanton_sarajevo_sn_ks_broj_21_19.pdf\" data-type=\"URL\" data-id=\"http:\/\/mup.ks.gov.ba\/sites\/mup.ks.gov.ba\/files\/21-19.pdf\" target=\"_blank\">21\/19<\/a><\/strong>)<\/p>\n\n\n\n<p><strong>Pravilnik o izmjenama i dopunama pravilnika o vo\u0111enju pedago\u0161ke dokumentacije i evidencije u srednjoj \u0161koli i domu u\u010denika (\u201cSlu\u017ebene novine Kantona Sarajevo\u201d; <a href=\"https:\/\/mo.ks.gov.ba\/sites\/mo.ks.gov.ba\/files\/2023-08\/34-23.pdf\" target=\"_blank\" rel=\"noreferrer noopener\">34\/23<\/a>)<\/strong><\/p>\n\n\n\n<p><strong>Pravilnik o izmjenama i dopunama pravilnika o vo\u0111enju pedago\u0161ke dokumentacije i evidencije u osnovnoj \u0161koli (&#8220;Slu\u017ebene novine Kantona Sarajevo&#8221;; <a rel=\"noreferrer noopener\" href=\"https:\/\/mo.ks.gov.ba\/sites\/mo.ks.gov.ba\/files\/2023-08\/Pravilnik%20O%C5%A0%20%281%29.pdf\" target=\"_blank\">Pravilnik O\u0160 (1).pdf<\/a><\/strong>)<\/p>\n\n\n\n<p><strong>Pravilnik o vo\u0111enju pedago\u0161ke dokumentacije i evidencije u osnovnoj \u0161koli   (&#8220;Slu\u017ebene novine Kantona Sarajevo&#8221;;  <\/strong><a rel=\"noreferrer noopener\" href=\"https:\/\/mo.ks.gov.ba\/sites\/mo.ks.gov.ba\/files\/2023-08\/pravilnik_o_vodenju_pedagoske_dokumentacije_i_evidencije_u_osnovnoj_skoli_sn_ks_46_18_str_1-150.pdf\" target=\"_blank\"><strong>46\/18(1\/2) <\/strong><\/a><strong>; <a href=\"https:\/\/mo.ks.gov.ba\/sites\/mo.ks.gov.ba\/files\/2023-08\/pravilnik_o_vodenju_pedagoske_dokumentacije_i_evidencije_u_osnovnoj_skoli_sn_ks_46_18_str_151-285.pdf\" target=\"_blank\" rel=\"noreferrer noopener\">46\/18(2\/2)<\/a>; <\/strong><a href=\"https:\/\/drive.google.com\/file\/d\/1MVIDrLKv0xRywCLSZcHLDJRF1dGFkj23\/view?usp=sharing\" target=\"_blank\" rel=\"noreferrer noopener\"><strong>3\/20<\/strong><\/a><strong>; <\/strong><a rel=\"noreferrer noopener\" href=\"https:\/\/mo.ks.gov.ba\/sites\/mo.ks.gov.ba\/files\/2023-08\/pravilnik_o_izmjenama_pravilnika_o_vodenju_pedagoske_dokumentacije_i_evidencije_u_osnovnoj_skoli_snks_25_21.pdf\" target=\"_blank\"><strong>25\/21<\/strong><\/a><strong>)<\/strong><\/p>\n\n\n\n<p><strong>Pravilnik o pra\u0107enju, vrednovanju i ocjenjivanju u\u010denika osnovnih i srednjih \u0161kola u Kantonu Sarajevo<\/strong> <strong> (&#8220;Slu\u017ebene novine Kantona Sarajevo&#8221;;  <\/strong> <strong><a href=\"https:\/\/mo.ks.gov.ba\/sites\/mo.ks.gov.ba\/files\/2023-08\/pravilnik_o_pracenju_vrednovanju_i_ocjenjivanju_ucenika_osnovnih_i_srednjih_skola_u_kantonu_sarajevo_sn_ks_24_18.pdf\" target=\"_blank\" rel=\"noreferrer noopener\">24\/18<\/a><\/strong>; <a href=\"https:\/\/mo.ks.gov.ba\/sites\/mo.ks.gov.ba\/files\/2023-08\/pravilnik_o_dopuni_pravilnika_o_pracenju_vrednovanju_i_ocjenjivanju_ucenika_osnovnih_i_srednjih_skola_u_kantonu_sarajevo_13_20.pdf\" target=\"_blank\" rel=\"noreferrer noopener\"><strong>13\/20<\/strong><\/a>)<\/p>\n\n\n\n<p><strong>Pravilnik o organizaciji i realizaciji izleta, studijskih posjeta, ekskurzija, kampovanja\/logorovanja, dru\u0161tveno\/korisnog rada, \u0161kole u prirodi i drugih oblika odgojno-obrazovnog rada u osnovnoj i srednjoj \u0161koli (\u201cSlu\u017ebene novine Kantona Sarajevo\u201d; <\/strong><a href=\"https:\/\/drive.google.com\/file\/d\/1SJoXSv9TpavMGIEI7Ch3P6vGIyAV0z7F\/view?usp=sharing\" target=\"_blank\" rel=\"noreferrer noopener\"><strong>15\/22<\/strong><\/a>)<\/p>\n\n\n\n<p><strong>Pravilnik o ocjenjivanju, napredovanju i sticanju stru\u010dnih zvanja odgajatelja, profesora nastavnika i stru\u010dnih saradnika u pred\u0161kolskim ustanovama, osnovnim, srednjim \u0161kolama i domovima u\u010denika  (&#8220;Slu\u017ebene novine Kantona Sarajevo&#8221;; <\/strong><a href=\"https:\/\/mo.ks.gov.ba\/sites\/mo.ks.gov.ba\/files\/2023-08\/pravil4.pdf\" target=\"_blank\" rel=\"noreferrer noopener\"><strong>19\/04<\/strong><\/a><strong>)<\/strong><\/p>\n\n\n\n<p><strong>Pravilnik o stru\u010dnom usavr\u0161avanju odgajatelja, profesora nastavnika i stru\u010dnih saradnika u pred\u0161kolskim ustanovama, osnovnim, srednjim \u0161kolama i domovima u\u010denika   (&#8220;Slu\u017ebene novine Kantona Sarajevo&#8221;;  <\/strong><a href=\"https:\/\/mo.ks.gov.ba\/sites\/mo.ks.gov.ba\/files\/2023-08\/pravilnik_o_strucnom_usavrsavanju_odgajatelja_profesora_nastavnika_i_strucnih_saradnika_u_predskolskim_ustanovama_osnovnim_srednjim_skolama_i_domovima_ucenika_sn_ks_19_04.pdf\" target=\"_blank\" rel=\"noreferrer noopener\"><strong>19\/04<\/strong><\/a><strong>)<\/strong><\/p>\n\n\n\n<p><strong>Uredba o postupku prijema u radni odnos u javnom sektoru na teritoriji Kantona Sarajevo (\u201cSlu\u017ebene novine Kantona Sarajevo\u201d <\/strong><a rel=\"noreferrer noopener\" href=\"https:\/\/drive.google.com\/file\/d\/1SjONSSWdPnGzHKwnXu-1vLBNAJjHuOEE\/view?usp=sharing\" target=\"_blank\"><strong>19\/21<\/strong><\/a>)<\/p>\n\n\n\n<p><strong>Pravilnik o polaganju stru\u010dnog ispita odgajatelja, nastavnika i stru\u010dnih saradnika<\/strong>  <strong>(&#8220;Slu\u017ebene novine Kantona Sarajevo&#8221;; <\/strong> <a href=\"https:\/\/mo.ks.gov.ba\/sites\/mo.ks.gov.ba\/files\/2023-08\/pravilnik_o_polaganju_strucnog_ispita_odgajatelja_nastavnika_i_strucnih_saradnika_sn_ks_12_00.pdf\" target=\"_blank\" rel=\"noreferrer noopener\"><strong>12\/00<\/strong><\/a>; <strong><a href=\"https:\/\/mo.ks.gov.ba\/sites\/mo.ks.gov.ba\/files\/2023-08\/pravilnik_o_izmjenama_pravilnika_o_polaganju_strucnog_ispita_odgajatelja_nastavnika_i_strucnih_saradnika_sn_ks_10_01.pdf\" target=\"_blank\" rel=\"noreferrer noopener\">10\/01<\/a><\/strong>;<strong><a href=\"https:\/\/mo.ks.gov.ba\/sites\/mo.ks.gov.ba\/files\/2023-08\/odluka_o_izmjeni_clana_6._stava_4._pravilnika_o_polaganju_strucnog_ispita_odgajatelja_nastavnika_i_strucnih_saradnika_sn_ks_22_04.pdf\" target=\"_blank\" rel=\"noreferrer noopener\"> 22\/04<\/a><\/strong>)<\/p>\n\n\n\n<p><strong>Pravilnik s kriterijima za progla\u0161avanje radnika za \u010dijim radom je potpuno ili djelimi\u010dno prestala potreba u osnovnim i srednjima \u0161kolama kao javnim ustanovama na podru\u010dju Kantona Sarajevo (\u201cSlu\u017ebene novine Kantona Sarajevo\u201d;  <\/strong><a href=\"https:\/\/mo.ks.gov.ba\/sites\/mo.ks.gov.ba\/files\/2023-08\/pravilik_sa_kriterijima_za_proglasavanje_radnika_za_cijim_radom_je_potpuno_iili_djelomicno_prestala_potreba_u_os_i_sss.pdf\" target=\"_blank\" rel=\"noreferrer noopener\"><strong>9\/22<\/strong><\/a><strong>)<\/strong><\/p>\n\n\n\n<p><strong>Pravilnik o polaganju eksterne mature<\/strong> <strong> (&#8220;Slu\u017ebene novine Kantona Sarajevo&#8221;;  <\/strong> <a href=\"https:\/\/mo.ks.gov.ba\/sites\/mo.ks.gov.ba\/files\/2023-08\/pravilnik_o_polaganju_eksterne_mature.pdf\" target=\"_blank\" rel=\"noreferrer noopener\"><strong>25\/18<\/strong><\/a>; <a href=\"https:\/\/mo.ks.gov.ba\/sites\/mo.ks.gov.ba\/files\/2023-08\/pravilnik_o_izmjenama_pravilnika_o_polaganju_eksterne_mature.pdf\" target=\"_blank\" rel=\"noreferrer noopener\"><strong>17\/19;<\/strong><\/a> <a href=\"https:\/\/mo.ks.gov.ba\/sites\/mo.ks.gov.ba\/files\/2023-08\/pravilnik_o_izmjenama_i_dopunama_pravilnika_o_polaganju_eksterne_matura.pdf\" target=\"_blank\" rel=\"noreferrer noopener\"><strong>24\/19<\/strong><\/a>)<\/p>\n\n\n\n<p><strong>Zakon o ra\u010dunovodstvu i reviziji u Federaciji BiH (\u201cSlu\u017ebene novine FBiH\u201d; <\/strong><a href=\"https:\/\/drive.google.com\/file\/d\/1j0EbBc_-GZh6IQ5gL6NJvJ0WRX_ttHJv\/view?usp=sharing\" target=\"_blank\" rel=\"noreferrer noopener\"><strong>83\/09<\/strong><\/a>)<\/p>\n\n\n\n<p><strong>Zakon o javnim nabavkama (\u201cSlu\u017ebeni glasnik Bosne i Hercegovine\u201d;<\/strong><a href=\"https:\/\/drive.google.com\/open?id=1gk1booVWboKlxh8Euf41ZrzNdcldoL0v\" target=\"_blank\" rel=\"noreferrer noopener\"><strong>&nbsp;39\/14) <\/strong><\/a><\/p>\n\n\n\n<p> <strong>Zakon o radu (\u201cSlu\u017ebene novine Federacije BiH\u201d;&nbsp;<\/strong><a href=\"https:\/\/drive.google.com\/file\/d\/1aAyAzMzk-Ne6qw6fDunA4xIOieFdkMG1\/view?usp=sharing\" target=\"_blank\" rel=\"noreferrer noopener\"><strong>26\/16<\/strong><\/a><strong>; <\/strong><a href=\"https:\/\/drive.google.com\/file\/d\/1NuOB-Bycopskc5w07u1VC2IxLN_MxF-H\/view?usp=sharing\" target=\"_blank\" rel=\"noreferrer noopener\"><strong>89\/18<\/strong><\/a><strong>)<\/strong><\/p>\n\n\n\n<p><strong>Pravilnik o sadr\u017eini i na\u010dinu vo\u0111enja registra kategorisane arhivske gra\u0111e (\u201cSlu\u017ebene novine Kantona Sarajevo\u201d;&nbsp; <\/strong><a href=\"https:\/\/drive.google.com\/file\/d\/1e3KlfPrgxR53Z-fLgfqbhspXedxJsIlp\/view?usp=sharing\" target=\"_blank\" rel=\"noreferrer noopener\"><strong>40\/18<\/strong><\/a>)<\/p>\n\n\n\n<p><strong>Zakon o pe\u010datu Kantona Sarajevo (\u201cSlu\u017ebene novine Kantona Sarajevo\u201d; <\/strong><a href=\"https:\/\/drive.google.com\/file\/d\/1VmVsdS-6snviNhe927bLd5_C3E6DWNpD\/view?usp=sharing\" target=\"_blank\" rel=\"noreferrer noopener\"><strong>3\/09<\/strong><\/a><strong>; <\/strong><a href=\"https:\/\/drive.google.com\/file\/d\/13kBULRtw1yeRcCOfQva_Ka3TiSSGicN1\/view?usp=sharing\" target=\"_blank\" rel=\"noreferrer noopener\"><strong>36\/15<\/strong><\/a><\/p>\n","protected":false},"excerpt":{"rendered":"<p>Pravilnik o uvjetima za posebne prostore za pu\u0161enje u smislu izuzetaka od zabrane pu\u0161enja (\u201eSlu\u017ebene novine Federacije BiH\u201c, broj 41\/44) Zakon o kontroli i ograni\u010denoj upotrebi duhana, duhanskih i ostalih proizvoda za pu\u0161enje (\u201eSlu\u017ebene novine Federacije BiH\u201c, broj 38\/22) Zakon o odgoju i obrazovanju u osnovnoj i srednjoj \u0161koli ( &#8220;Slu\u017ebene novine Kantona Sarajevo&#8221;; 27\/24) &hellip; <br \/><a href=\"https:\/\/cersig.edu.ba\/zakonski-i-podzakonski-propisi\/\" class=\"more-link\">Continue reading <span class=\"screen-reader-text\">Zakonski i podzakonski propisi<\/span><\/a><\/p>\n","protected":false},"author":1,"featured_media":0,"parent":0,"menu_order":0,"comment_status":"closed","ping_status":"closed","template":"","meta":{"footnotes":""},"class_list":["post-6045","page","type-page","status-publish","hentry"],"_links":{"self":[{"href":"https:\/\/cersig.edu.ba\/wp-json\/wp\/v2\/pages\/6045","targetHints":{"allow":["GET"]}}],"collection":[{"href":"https:\/\/cersig.edu.ba\/wp-json\/wp\/v2\/pages"}],"about":[{"href":"https:\/\/cersig.edu.ba\/wp-json\/wp\/v2\/types\/page"}],"author":[{"embeddable":true,"href":"https:\/\/cersig.edu.ba\/wp-json\/wp\/v2\/users\/1"}],"replies":[{"embeddable":true,"href":"https:\/\/cersig.edu.ba\/wp-json\/wp\/v2\/comments?post=6045"}],"version-history":[{"count":26,"href":"https:\/\/cersig.edu.ba\/wp-json\/wp\/v2\/pages\/6045\/revisions"}],"predecessor-version":[{"id":13938,"href":"https:\/\/cersig.edu.ba\/wp-json\/wp\/v2\/pages\/6045\/revisions\/13938"}],"wp:attachment":[{"href":"https:\/\/cersig.edu.ba\/wp-json\/wp\/v2\/media?parent=6045"}],"curies":[{"name":"wp","href":"https:\/\/api.w.org\/{rel}","templated":true}]}}